{"id":908,"date":"2024-02-19T16:14:02","date_gmt":"2024-02-19T16:14:02","guid":{"rendered":"https:\/\/derechoshumanosyempresas.cl\/index.php\/document-library\/"},"modified":"2025-11-27T00:24:33","modified_gmt":"2025-11-27T03:24:33","slug":"document-library","status":"publish","type":"page","link":"https:\/\/derechoshumanosyempresas.cl\/index.php\/document-library\/","title":{"rendered":"Biblioteca"},"content":{"rendered":"\t\t<input type=\"hidden\" name=\"category-search-1373293613d08246d1d3a5b8370265e584\" value=\"\" class=\"category-search-1373293613d08246d1d3a5b8370265e584\">\n\t\t<table id=\"1373293613d08246d1d3a5b8370265e584\" class=\"document-library-table\" data-page-length=\"20\" data-paging=\"false\" data-click-filter=\"true\" data-scroll-offset=\"15\" cellspacing=\"0\" width=\"100%\">\n\t\t\t<thead><tr><th data-name=\"id\" data-priority=\"3\" data-width=\"\" data-orderable=\"true\">ID<\/th><th data-name=\"title\" data-priority=\"1\" data-width=\"\" data-orderable=\"true\">T\u00edtulo<\/th><th data-name=\"content\" data-priority=\"5\" data-width=\"\" data-orderable=\"true\">Contenido<\/th><th data-name=\"image\" data-priority=\"6\" data-width=\"\" data-orderable=\"false\">Imagen<\/th><th data-name=\"date\" data-priority=\"2\" data-width=\"\" data-orderable=\"true\">Fecha<\/th><th data-name=\"doc_categories\" data-priority=\"7\" data-width=\"\" data-orderable=\"true\">Categor\u00edas<\/th><th data-name=\"link\" data-priority=\"4\" data-width=\"\" data-orderable=\"false\">Enlace<\/th><\/tr><\/thead>\t\t\t<tbody>\n\t\t\t\t<tr><td>3350<\/td><td>Derechos humanos, debida diligencia y empresas: Gobernanza, responsabilidad y efectividad<\/td><td>El documento es un conjunto de recomendaciones para que las futuras autoridades integren el enfoque &hellip;<\/td><td><a class=\"dlw-lightbox\" href=\"https:\/\/derechoshumanosyempresas.cl\/wp-content\/uploads\/2025\/11\/documentodebidadiligencia.png\"><img decoding=\"async\" width=\"150\" height=\"150\" src=\"https:\/\/derechoshumanosyempresas.cl\/wp-content\/uploads\/2025\/11\/documentodebidadiligencia-150x150.png\" class=\"\" alt=\"Derechos humanos, debida diligencia y empresas: Gobernanza, responsabilidad y efectividad\" title=\"Derechos humanos, debida diligencia y empresas: Gobernanza, responsabilidad y efectividad\" data-caption=\"Derechos humanos, debida diligencia y empresas: Gobernanza, responsabilidad y efectividad\" data-src=\"https:\/\/derechoshumanosyempresas.cl\/wp-content\/uploads\/2025\/11\/documentodebidadiligencia.png\" data-large_image=\"https:\/\/derechoshumanosyempresas.cl\/wp-content\/uploads\/2025\/11\/documentodebidadiligencia.png\" data-large_image_width=\"790\" data-large_image_height=\"1096\" srcset=\"https:\/\/derechoshumanosyempresas.cl\/wp-content\/uploads\/2025\/11\/documentodebidadiligencia-150x150.png 150w, https:\/\/derechoshumanosyempresas.cl\/wp-content\/uploads\/2025\/11\/documentodebidadiligencia-300x300.png 300w, https:\/\/derechoshumanosyempresas.cl\/wp-content\/uploads\/2025\/11\/documentodebidadiligencia-600x600.png 600w\" sizes=\"(max-width: 150px) 100vw, 150px\" \/><\/a><\/td><td>2025\/11\/18<\/td><td><a href=\"https:\/\/derechoshumanosyempresas.cl\/index.php\/document-category\/informes\/\" rel=\"tag\">Informes<\/a><\/td><td><a href=\"https:\/\/derechoshumanosyempresas.cl\/wp-content\/uploads\/2025\/11\/Derechos-humanos-y-empresas-Desafios-y-propuestas-para-el-periodo-2026-2030.pdf\" class=\"dll-download-button document-library-button button btn\"  download=\"Derechos-humanos-y-empresas-Desafios-y-propuestas-para-el-periodo-2026-2030.pdf\" type=\"application\/pdf\">Descargar<\/a><\/td><\/tr><tr><td>3334<\/td><td>Transici\u00f3n socioecol\u00f3gica justa y Principios Rectores de los Derechos Humanos, una relaci\u00f3n vital para enfrentar la crisis clim\u00e1tica<\/td><td>Policy brief donde se analiza c\u00f3mo la debida diligencia en derechos humanos y empresas es &hellip;<\/td><td><a class=\"dlw-lightbox\" href=\"https:\/\/derechoshumanosyempresas.cl\/wp-content\/uploads\/2025\/11\/tsej-redar.png\"><img decoding=\"async\" width=\"150\" height=\"150\" src=\"https:\/\/derechoshumanosyempresas.cl\/wp-content\/uploads\/2025\/11\/tsej-redar-150x150.png\" class=\"\" alt=\"Transici\u00f3n socioecol\u00f3gica justa y Principios Rectores de los Derechos Humanos, una relaci\u00f3n vital para enfrentar la crisis clim\u00e1tica\" title=\"tsej-redar\" data-caption=\"Transici\u00f3n socioecol\u00f3gica justa y Principios Rectores de los Derechos Humanos, una relaci\u00f3n vital para enfrentar la crisis clim\u00e1tica\" data-src=\"https:\/\/derechoshumanosyempresas.cl\/wp-content\/uploads\/2025\/11\/tsej-redar.png\" data-large_image=\"https:\/\/derechoshumanosyempresas.cl\/wp-content\/uploads\/2025\/11\/tsej-redar.png\" data-large_image_width=\"878\" data-large_image_height=\"698\" srcset=\"https:\/\/derechoshumanosyempresas.cl\/wp-content\/uploads\/2025\/11\/tsej-redar-150x150.png 150w, https:\/\/derechoshumanosyempresas.cl\/wp-content\/uploads\/2025\/11\/tsej-redar-300x300.png 300w, https:\/\/derechoshumanosyempresas.cl\/wp-content\/uploads\/2025\/11\/tsej-redar-600x600.png 600w\" sizes=\"(max-width: 150px) 100vw, 150px\" \/><\/a><\/td><td>2025\/11\/05<\/td><td><a href=\"https:\/\/derechoshumanosyempresas.cl\/index.php\/document-category\/informes\/\" rel=\"tag\">Informes<\/a><\/td><td><a href=\"https:\/\/derechoshumanosyempresas.cl\/wp-content\/uploads\/2025\/11\/Manual_RedarV5.pdf\" class=\"dll-download-button document-library-button button btn\"  download=\"Manual_RedarV5.pdf\" type=\"application\/pdf\">Descargar<\/a><\/td><\/tr><tr><td>3250<\/td><td>Gu\u00eda sobre Derechos Humanos y Empresas para la Sociedad Civil en Chile<\/td><td>Esta Gu\u00eda fue elaborada en el marco del proyecto Respeto Empresarial, Derechos, Ambiente y Responsabilidad &hellip;<\/td><td><a class=\"dlw-lightbox\" href=\"https:\/\/derechoshumanosyempresas.cl\/wp-content\/uploads\/2025\/10\/guia-ddhhyempresas.png\"><img decoding=\"async\" width=\"150\" height=\"150\" src=\"https:\/\/derechoshumanosyempresas.cl\/wp-content\/uploads\/2025\/10\/guia-ddhhyempresas-150x150.png\" class=\"\" alt=\"Gu\u00eda sobre Derechos Humanos y Empresas para la Sociedad Civil en Chile\" title=\"guia-ddhhyempresas\" data-caption=\"Gu\u00eda sobre Derechos Humanos y Empresas para la Sociedad Civil en Chile\" data-src=\"https:\/\/derechoshumanosyempresas.cl\/wp-content\/uploads\/2025\/10\/guia-ddhhyempresas.png\" data-large_image=\"https:\/\/derechoshumanosyempresas.cl\/wp-content\/uploads\/2025\/10\/guia-ddhhyempresas.png\" data-large_image_width=\"1014\" data-large_image_height=\"1316\" srcset=\"https:\/\/derechoshumanosyempresas.cl\/wp-content\/uploads\/2025\/10\/guia-ddhhyempresas-150x150.png 150w, https:\/\/derechoshumanosyempresas.cl\/wp-content\/uploads\/2025\/10\/guia-ddhhyempresas-300x300.png 300w, https:\/\/derechoshumanosyempresas.cl\/wp-content\/uploads\/2025\/10\/guia-ddhhyempresas-600x600.png 600w, https:\/\/derechoshumanosyempresas.cl\/wp-content\/uploads\/2025\/10\/guia-ddhhyempresas-1014x1024.png 1014w\" sizes=\"(max-width: 150px) 100vw, 150px\" \/><\/a><\/td><td>2025\/10\/13<\/td><td><a href=\"https:\/\/derechoshumanosyempresas.cl\/index.php\/document-category\/informes\/\" rel=\"tag\">Informes<\/a><\/td><td><a href=\"https:\/\/derechoshumanosyempresas.cl\/wp-content\/uploads\/2025\/10\/guia-ddhhyempresas.png\" class=\"dll-download-button document-library-button button btn\"  download=\"guia-ddhhyempresas.png\" type=\"image\/png\">Descargar<\/a><\/td><\/tr><tr><td>2363<\/td><td>\u00c1REAS CR\u00cdTICAS PARA LEGISLAR SOBRE LA DEBIDA DILIGENCIA Y DERECHOS HUMANOS EN EMPRESAS<\/td><td>Este documento pretende definir los puntos cr\u00edticos e indispensables que requieren ser incluidos en un &hellip;<\/td><td><a class=\"dlw-lightbox\" href=\"https:\/\/derechoshumanosyempresas.cl\/wp-content\/uploads\/2024\/10\/DEBIDA-DILIGENCIA.png\"><img loading=\"lazy\" decoding=\"async\" width=\"150\" height=\"150\" src=\"https:\/\/derechoshumanosyempresas.cl\/wp-content\/uploads\/2024\/10\/DEBIDA-DILIGENCIA-150x150.png\" class=\"\" alt=\"\u00c1REAS CR\u00cdTICAS PARA LEGISLAR SOBRE LA DEBIDA DILIGENCIA Y DERECHOS HUMANOS EN EMPRESAS\" title=\"DEBIDA DILIGENCIA\" data-caption=\"\u00c1REAS CR\u00cdTICAS PARA LEGISLAR SOBRE LA DEBIDA DILIGENCIA Y DERECHOS HUMANOS EN EMPRESAS\" data-src=\"https:\/\/derechoshumanosyempresas.cl\/wp-content\/uploads\/2024\/10\/DEBIDA-DILIGENCIA.png\" data-large_image=\"https:\/\/derechoshumanosyempresas.cl\/wp-content\/uploads\/2024\/10\/DEBIDA-DILIGENCIA.png\" data-large_image_width=\"627\" data-large_image_height=\"721\" srcset=\"https:\/\/derechoshumanosyempresas.cl\/wp-content\/uploads\/2024\/10\/DEBIDA-DILIGENCIA-150x150.png 150w, https:\/\/derechoshumanosyempresas.cl\/wp-content\/uploads\/2024\/10\/DEBIDA-DILIGENCIA-300x300.png 300w, https:\/\/derechoshumanosyempresas.cl\/wp-content\/uploads\/2024\/10\/DEBIDA-DILIGENCIA-600x600.png 600w\" sizes=\"(max-width: 150px) 100vw, 150px\" \/><\/a><\/td><td>2024\/10\/11<\/td><td><a href=\"https:\/\/derechoshumanosyempresas.cl\/index.php\/document-category\/informes\/\" rel=\"tag\">Informes<\/a><\/td><td><a href=\"https:\/\/derechoshumanosyempresas.cl\/wp-content\/uploads\/2024\/10\/areas-criticas.pdf\" class=\"dll-download-button document-library-button button btn\"  download=\"areas-criticas.pdf\" type=\"application\/pdf\">Descargar<\/a><\/td><\/tr><tr><td>1017<\/td><td>GU\u00cdA DE LA OCDE DE DEBIDA DILIGENCIA PARA UNA CONDUCTA EMPRESARIAL RESPONSABLE<\/td><td>GU\u00cdA DE LA OCDE DE DEBIDA DILIGENCIA PARA UNA CONDUCTA EMPRESARIAL RESPONSABLE<\/td><td><a class=\"dlw-lightbox\" href=\"https:\/\/derechoshumanosyempresas.cl\/wp-content\/uploads\/2024\/02\/Captura-de-pantalla-2024-02-21-a-las-20.18.55.png\"><img loading=\"lazy\" decoding=\"async\" width=\"150\" height=\"150\" src=\"https:\/\/derechoshumanosyempresas.cl\/wp-content\/uploads\/2024\/02\/Captura-de-pantalla-2024-02-21-a-las-20.18.55-150x150.png\" class=\"\" alt=\"GU\u00cdA DE LA OCDE DE DEBIDA DILIGENCIA PARA UNA CONDUCTA EMPRESARIAL RESPONSABLE\" title=\"Captura de pantalla 2024-02-21 a la(s) 20.18.55\" data-caption=\"GU\u00cdA DE LA OCDE DE DEBIDA DILIGENCIA PARA UNA CONDUCTA EMPRESARIAL RESPONSABLE\" data-src=\"https:\/\/derechoshumanosyempresas.cl\/wp-content\/uploads\/2024\/02\/Captura-de-pantalla-2024-02-21-a-las-20.18.55.png\" data-large_image=\"https:\/\/derechoshumanosyempresas.cl\/wp-content\/uploads\/2024\/02\/Captura-de-pantalla-2024-02-21-a-las-20.18.55.png\" data-large_image_width=\"577\" data-large_image_height=\"635\" \/><\/a><\/td><td>2024\/02\/21<\/td><td><a href=\"https:\/\/derechoshumanosyempresas.cl\/index.php\/document-category\/informes\/\" rel=\"tag\">Informes<\/a><\/td><td><a href=\"https:\/\/derechoshumanosyempresas.cl\/wp-content\/uploads\/2024\/02\/Guia-OCDE-debida-diligencia-2018.pdf\" class=\"dll-download-button document-library-button button btn\"  download=\"Guia-OCDE-debida-diligencia-2018.pdf\" type=\"application\/pdf\">Descargar<\/a><\/td><\/tr><tr><td>1014<\/td><td>Declaraci\u00f3n tripartita de principios sobre las empresas multinacionales y la pol\u00edtica social<\/td><td>Declaraci\u00f3n tripartita de principios sobre las empresas multinacionales y la pol\u00edtica social<\/td><td><a class=\"dlw-lightbox\" href=\"https:\/\/derechoshumanosyempresas.cl\/wp-content\/uploads\/2024\/02\/Captura-de-pantalla-2024-02-21-a-las-20.17.26.png\"><img loading=\"lazy\" decoding=\"async\" width=\"150\" height=\"150\" src=\"https:\/\/derechoshumanosyempresas.cl\/wp-content\/uploads\/2024\/02\/Captura-de-pantalla-2024-02-21-a-las-20.17.26-150x150.png\" class=\"\" alt=\"Declaraci\u00f3n tripartita de principios sobre las empresas multinacionales y la pol\u00edtica social\" title=\"Captura de pantalla 2024-02-21 a la(s) 20.17.26\" data-caption=\"Declaraci\u00f3n tripartita de principios sobre las empresas multinacionales y la pol\u00edtica social\" data-src=\"https:\/\/derechoshumanosyempresas.cl\/wp-content\/uploads\/2024\/02\/Captura-de-pantalla-2024-02-21-a-las-20.17.26.png\" data-large_image=\"https:\/\/derechoshumanosyempresas.cl\/wp-content\/uploads\/2024\/02\/Captura-de-pantalla-2024-02-21-a-las-20.17.26.png\" data-large_image_width=\"773\" data-large_image_height=\"821\" \/><\/a><\/td><td>2024\/02\/21<\/td><td><a href=\"https:\/\/derechoshumanosyempresas.cl\/index.php\/document-category\/informes\/\" rel=\"tag\">Informes<\/a><\/td><td><a href=\"https:\/\/derechoshumanosyempresas.cl\/wp-content\/uploads\/2024\/02\/Declaracion-tripartita-OIT-edicion-2022.pdf\" class=\"dll-download-button document-library-button button btn\"  download=\"Declaracion-tripartita-OIT-edicion-2022.pdf\" type=\"application\/pdf\">Descargar<\/a><\/td><\/tr><tr><td>1011<\/td><td>PREGUNTAS FRECUENTES ACERCA DE LOS PRINCIPIOS RECTORES SOBRE LAS EMPRESAS Y LOS DERECHOS HUMANOS<\/td><td>PREGUNTAS FRECUENTES ACERCA DE LOS PRINCIPIOS RECTORES SOBRE LAS EMPRESAS Y LOS DERECHOS HUMANOS<\/td><td><a class=\"dlw-lightbox\" href=\"https:\/\/derechoshumanosyempresas.cl\/wp-content\/uploads\/2024\/02\/Captura-de-pantalla-2024-02-21-a-las-20.10.35-1.png\"><img loading=\"lazy\" decoding=\"async\" width=\"150\" height=\"150\" src=\"https:\/\/derechoshumanosyempresas.cl\/wp-content\/uploads\/2024\/02\/Captura-de-pantalla-2024-02-21-a-las-20.10.35-1-150x150.png\" class=\"\" alt=\"PREGUNTAS FRECUENTES ACERCA DE LOS PRINCIPIOS RECTORES SOBRE LAS EMPRESAS Y LOS DERECHOS HUMANOS\" title=\"Captura de pantalla 2024-02-21 a la(s) 20.10.35\" data-caption=\"PREGUNTAS FRECUENTES ACERCA DE LOS PRINCIPIOS RECTORES SOBRE LAS EMPRESAS Y LOS DERECHOS HUMANOS\" data-src=\"https:\/\/derechoshumanosyempresas.cl\/wp-content\/uploads\/2024\/02\/Captura-de-pantalla-2024-02-21-a-las-20.10.35-1.png\" data-large_image=\"https:\/\/derechoshumanosyempresas.cl\/wp-content\/uploads\/2024\/02\/Captura-de-pantalla-2024-02-21-a-las-20.10.35-1.png\" data-large_image_width=\"546\" data-large_image_height=\"780\" \/><\/a><\/td><td>2024\/02\/21<\/td><td><a href=\"https:\/\/derechoshumanosyempresas.cl\/index.php\/document-category\/informes\/\" rel=\"tag\">Informes<\/a><\/td><td><a href=\"https:\/\/derechoshumanosyempresas.cl\/wp-content\/uploads\/2024\/02\/Preguntas-frecuentes-sobre-principios-rectores.pdf\" class=\"dll-download-button document-library-button button btn\"  download=\"Preguntas-frecuentes-sobre-principios-rectores.pdf\" type=\"application\/pdf\">Descargar<\/a><\/td><\/tr><tr><td>1008<\/td><td>Guia-de-implementacion-principios-rectores<\/td><td>LA RESPONSABILIDAD DE LAS EMPRESAS DE RESPETAR LOS DERECHOS HUMANOS<\/td><td><a class=\"dlw-lightbox\" href=\"https:\/\/derechoshumanosyempresas.cl\/wp-content\/uploads\/2024\/02\/Captura-de-pantalla-2024-02-21-a-las-20.10.35.png\"><img loading=\"lazy\" decoding=\"async\" width=\"150\" height=\"150\" src=\"https:\/\/derechoshumanosyempresas.cl\/wp-content\/uploads\/2024\/02\/Captura-de-pantalla-2024-02-21-a-las-20.10.35-150x150.png\" class=\"\" alt=\"Guia-de-implementacion-principios-rectores\" title=\"Captura de pantalla 2024-02-21 a la(s) 20.10.35\" data-caption=\"Guia-de-implementacion-principios-rectores\" data-src=\"https:\/\/derechoshumanosyempresas.cl\/wp-content\/uploads\/2024\/02\/Captura-de-pantalla-2024-02-21-a-las-20.10.35.png\" data-large_image=\"https:\/\/derechoshumanosyempresas.cl\/wp-content\/uploads\/2024\/02\/Captura-de-pantalla-2024-02-21-a-las-20.10.35.png\" data-large_image_width=\"546\" data-large_image_height=\"780\" \/><\/a><\/td><td>2024\/02\/21<\/td><td><a href=\"https:\/\/derechoshumanosyempresas.cl\/index.php\/document-category\/informes\/\" rel=\"tag\">Informes<\/a><\/td><td><a href=\"https:\/\/derechoshumanosyempresas.cl\/wp-content\/uploads\/2024\/02\/Guia-de-implementacion-principios-rectores.pdf\" class=\"dll-download-button document-library-button button btn\"  download=\"Guia-de-implementacion-principios-rectores.pdf\" type=\"application\/pdf\">Descargar<\/a><\/td><\/tr><tr><td>1005<\/td><td>PRINCIPIOS RECTORES SOBRE LAS EMPRESAS Y  LOS DERECHOS HUMANOS<\/td><td>Puesta en pr\u00e1ctica del marco de las Naciones Unidas para \u00abproteger, respetar y remediar\u00bb<\/td><td><a class=\"dlw-lightbox\" href=\"https:\/\/derechoshumanosyempresas.cl\/wp-content\/uploads\/2024\/02\/Captura-de-pantalla-2024-02-21-a-las-20.09.28.png\"><img loading=\"lazy\" decoding=\"async\" width=\"150\" height=\"150\" src=\"https:\/\/derechoshumanosyempresas.cl\/wp-content\/uploads\/2024\/02\/Captura-de-pantalla-2024-02-21-a-las-20.09.28-150x150.png\" class=\"\" alt=\"PRINCIPIOS RECTORES SOBRE LAS EMPRESAS Y  LOS DERECHOS HUMANOS\" title=\"Captura de pantalla 2024-02-21 a la(s) 20.09.28\" data-caption=\"PRINCIPIOS RECTORES SOBRE LAS EMPRESAS Y  LOS DERECHOS HUMANOS\" data-src=\"https:\/\/derechoshumanosyempresas.cl\/wp-content\/uploads\/2024\/02\/Captura-de-pantalla-2024-02-21-a-las-20.09.28.png\" data-large_image=\"https:\/\/derechoshumanosyempresas.cl\/wp-content\/uploads\/2024\/02\/Captura-de-pantalla-2024-02-21-a-las-20.09.28.png\" data-large_image_width=\"544\" data-large_image_height=\"755\" \/><\/a><\/td><td>2024\/02\/21<\/td><td><a href=\"https:\/\/derechoshumanosyempresas.cl\/index.php\/document-category\/informes\/\" rel=\"tag\">Informes<\/a><\/td><td><a href=\"https:\/\/derechoshumanosyempresas.cl\/wp-content\/uploads\/2024\/02\/Principios-Rectores-DDHH-y-empresas.pdf\" class=\"dll-download-button document-library-button button btn\"  download=\"Principios-Rectores-DDHH-y-empresas.pdf\" type=\"application\/pdf\">Descargar<\/a><\/td><\/tr>\t\t\t<\/tbody>\n\t\t<\/table>\n\t\t\n","protected":false},"excerpt":{"rendered":"","protected":false},"author":1,"featured_media":0,"parent":0,"menu_order":0,"comment_status":"closed","ping_status":"closed","template":"page-templates\/page_fullwidth.php","meta":{"footnotes":""},"class_list":["post-908","page","type-page","status-publish","hentry"],"yoast_head":"<!-- This site is optimized with the Yoast SEO plugin v27.3 - https:\/\/yoast.com\/product\/yoast-seo-wordpress\/ -->\n<title>Biblioteca - Plataforma Chilena de la Sociedad Civil de Derechos Humanos y Empresas<\/title>\n<meta name=\"robots\" content=\"index, follow, max-snippet:-1, max-image-preview:large, max-video-preview:-1\" \/>\n<link rel=\"canonical\" href=\"https:\/\/derechoshumanosyempresas.cl\/index.php\/document-library\/\" \/>\n<meta property=\"og:locale\" content=\"es_ES\" \/>\n<meta property=\"og:type\" content=\"article\" \/>\n<meta property=\"og:title\" content=\"Biblioteca - Plataforma Chilena de la Sociedad Civil de Derechos Humanos y Empresas\" \/>\n<meta property=\"og:url\" content=\"https:\/\/derechoshumanosyempresas.cl\/index.php\/document-library\/\" \/>\n<meta property=\"og:site_name\" content=\"Plataforma Chilena de la Sociedad Civil de Derechos Humanos y Empresas\" \/>\n<meta property=\"article:modified_time\" content=\"2025-11-27T03:24:33+00:00\" \/>\n<meta name=\"twitter:card\" content=\"summary_large_image\" \/>\n<script type=\"application\/ld+json\" class=\"yoast-schema-graph\">{\"@context\":\"https:\\\/\\\/schema.org\",\"@graph\":[{\"@type\":\"WebPage\",\"@id\":\"https:\\\/\\\/derechoshumanosyempresas.cl\\\/index.php\\\/document-library\\\/\",\"url\":\"https:\\\/\\\/derechoshumanosyempresas.cl\\\/index.php\\\/document-library\\\/\",\"name\":\"Biblioteca - Plataforma Chilena de la Sociedad Civil de Derechos Humanos y Empresas\",\"isPartOf\":{\"@id\":\"https:\\\/\\\/derechoshumanosyempresas.cl\\\/#website\"},\"datePublished\":\"2024-02-19T16:14:02+00:00\",\"dateModified\":\"2025-11-27T03:24:33+00:00\",\"breadcrumb\":{\"@id\":\"https:\\\/\\\/derechoshumanosyempresas.cl\\\/index.php\\\/document-library\\\/#breadcrumb\"},\"inLanguage\":\"es\",\"potentialAction\":[{\"@type\":\"ReadAction\",\"target\":[\"https:\\\/\\\/derechoshumanosyempresas.cl\\\/index.php\\\/document-library\\\/\"]}]},{\"@type\":\"BreadcrumbList\",\"@id\":\"https:\\\/\\\/derechoshumanosyempresas.cl\\\/index.php\\\/document-library\\\/#breadcrumb\",\"itemListElement\":[{\"@type\":\"ListItem\",\"position\":1,\"name\":\"Portada\",\"item\":\"https:\\\/\\\/derechoshumanosyempresas.cl\\\/\"},{\"@type\":\"ListItem\",\"position\":2,\"name\":\"Biblioteca\"}]},{\"@type\":\"WebSite\",\"@id\":\"https:\\\/\\\/derechoshumanosyempresas.cl\\\/#website\",\"url\":\"https:\\\/\\\/derechoshumanosyempresas.cl\\\/\",\"name\":\"Plataforma Chilena de la Sociedad Civil de Derechos Humanos y Empresas\",\"description\":\"\",\"potentialAction\":[{\"@type\":\"SearchAction\",\"target\":{\"@type\":\"EntryPoint\",\"urlTemplate\":\"https:\\\/\\\/derechoshumanosyempresas.cl\\\/?s={search_term_string}\"},\"query-input\":{\"@type\":\"PropertyValueSpecification\",\"valueRequired\":true,\"valueName\":\"search_term_string\"}}],\"inLanguage\":\"es\"}]}<\/script>\n<!-- \/ Yoast SEO plugin. -->","yoast_head_json":{"title":"Biblioteca - Plataforma Chilena de la Sociedad Civil de Derechos Humanos y Empresas","robots":{"index":"index","follow":"follow","max-snippet":"max-snippet:-1","max-image-preview":"max-image-preview:large","max-video-preview":"max-video-preview:-1"},"canonical":"https:\/\/derechoshumanosyempresas.cl\/index.php\/document-library\/","og_locale":"es_ES","og_type":"article","og_title":"Biblioteca - Plataforma Chilena de la Sociedad Civil de Derechos Humanos y Empresas","og_url":"https:\/\/derechoshumanosyempresas.cl\/index.php\/document-library\/","og_site_name":"Plataforma Chilena de la Sociedad Civil de Derechos Humanos y Empresas","article_modified_time":"2025-11-27T03:24:33+00:00","twitter_card":"summary_large_image","schema":{"@context":"https:\/\/schema.org","@graph":[{"@type":"WebPage","@id":"https:\/\/derechoshumanosyempresas.cl\/index.php\/document-library\/","url":"https:\/\/derechoshumanosyempresas.cl\/index.php\/document-library\/","name":"Biblioteca - Plataforma Chilena de la Sociedad Civil de Derechos Humanos y Empresas","isPartOf":{"@id":"https:\/\/derechoshumanosyempresas.cl\/#website"},"datePublished":"2024-02-19T16:14:02+00:00","dateModified":"2025-11-27T03:24:33+00:00","breadcrumb":{"@id":"https:\/\/derechoshumanosyempresas.cl\/index.php\/document-library\/#breadcrumb"},"inLanguage":"es","potentialAction":[{"@type":"ReadAction","target":["https:\/\/derechoshumanosyempresas.cl\/index.php\/document-library\/"]}]},{"@type":"BreadcrumbList","@id":"https:\/\/derechoshumanosyempresas.cl\/index.php\/document-library\/#breadcrumb","itemListElement":[{"@type":"ListItem","position":1,"name":"Portada","item":"https:\/\/derechoshumanosyempresas.cl\/"},{"@type":"ListItem","position":2,"name":"Biblioteca"}]},{"@type":"WebSite","@id":"https:\/\/derechoshumanosyempresas.cl\/#website","url":"https:\/\/derechoshumanosyempresas.cl\/","name":"Plataforma Chilena de la Sociedad Civil de Derechos Humanos y Empresas","description":"","potentialAction":[{"@type":"SearchAction","target":{"@type":"EntryPoint","urlTemplate":"https:\/\/derechoshumanosyempresas.cl\/?s={search_term_string}"},"query-input":{"@type":"PropertyValueSpecification","valueRequired":true,"valueName":"search_term_string"}}],"inLanguage":"es"}]}},"wpmagazine_modules_lite_featured_media_urls":{"thumbnail":"","cvmm-medium":"","cvmm-medium-plus":"","cvmm-portrait":"","cvmm-medium-square":"","cvmm-large":"","cvmm-small":"","full":""},"categories_names":null,"comments_number":"0","_links":{"self":[{"href":"https:\/\/derechoshumanosyempresas.cl\/index.php\/wp-json\/wp\/v2\/pages\/908","targetHints":{"allow":["GET"]}}],"collection":[{"href":"https:\/\/derechoshumanosyempresas.cl\/index.php\/wp-json\/wp\/v2\/pages"}],"about":[{"href":"https:\/\/derechoshumanosyempresas.cl\/index.php\/wp-json\/wp\/v2\/types\/page"}],"author":[{"embeddable":true,"href":"https:\/\/derechoshumanosyempresas.cl\/index.php\/wp-json\/wp\/v2\/users\/1"}],"replies":[{"embeddable":true,"href":"https:\/\/derechoshumanosyempresas.cl\/index.php\/wp-json\/wp\/v2\/comments?post=908"}],"version-history":[{"count":1,"href":"https:\/\/derechoshumanosyempresas.cl\/index.php\/wp-json\/wp\/v2\/pages\/908\/revisions"}],"predecessor-version":[{"id":3369,"href":"https:\/\/derechoshumanosyempresas.cl\/index.php\/wp-json\/wp\/v2\/pages\/908\/revisions\/3369"}],"wp:attachment":[{"href":"https:\/\/derechoshumanosyempresas.cl\/index.php\/wp-json\/wp\/v2\/media?parent=908"}],"curies":[{"name":"wp","href":"https:\/\/api.w.org\/{rel}","templated":true}]}}