{"id":3488,"date":"2026-04-09T23:10:04","date_gmt":"2026-04-10T02:10:04","guid":{"rendered":"https:\/\/derechoshumanosyempresas.cl\/?page_id=3488"},"modified":"2026-04-09T23:23:35","modified_gmt":"2026-04-10T02:23:35","slug":"fundacion-escazu-ahora","status":"publish","type":"page","link":"https:\/\/derechoshumanosyempresas.cl\/index.php\/fundacion-escazu-ahora\/","title":{"rendered":"Fundaci\u00f3n Escaz\u00fa Ahora"},"content":{"rendered":"\t\t<div data-elementor-type=\"wp-page\" data-elementor-id=\"3488\" class=\"elementor elementor-3488\">\n\t\t\t\t<div class=\"elementor-element elementor-element-b23ff38 e-flex e-con-boxed e-con e-parent\" data-id=\"b23ff38\" data-element_type=\"container\" data-e-type=\"container\">\n\t\t\t\t\t<div class=\"e-con-inner\">\n\t\t<div class=\"elementor-element elementor-element-b325a44 e-con-full e-flex e-con e-child\" data-id=\"b325a44\" data-element_type=\"container\" data-e-type=\"container\">\n\t\t\t\t<div class=\"elementor-element elementor-element-91cb0ed elementor-widget__width-initial elementor-widget elementor-widget-image\" data-id=\"91cb0ed\" data-element_type=\"widget\" data-e-type=\"widget\" data-widget_type=\"image.default\">\n\t\t\t\t<div class=\"elementor-widget-container\">\n\t\t\t\t\t\t\t\t\t\t\t\t\t\t\t<img fetchpriority=\"high\" decoding=\"async\" width=\"700\" height=\"700\" src=\"https:\/\/derechoshumanosyempresas.cl\/wp-content\/uploads\/2026\/04\/logos-organizaciones-escazu.png\" class=\"attachment-large size-large wp-image-3486\" alt=\"\" srcset=\"https:\/\/derechoshumanosyempresas.cl\/wp-content\/uploads\/2026\/04\/logos-organizaciones-escazu.png 700w, https:\/\/derechoshumanosyempresas.cl\/wp-content\/uploads\/2026\/04\/logos-organizaciones-escazu-300x300.png 300w, https:\/\/derechoshumanosyempresas.cl\/wp-content\/uploads\/2026\/04\/logos-organizaciones-escazu-150x150.png 150w, https:\/\/derechoshumanosyempresas.cl\/wp-content\/uploads\/2026\/04\/logos-organizaciones-escazu-600x600.png 600w, https:\/\/derechoshumanosyempresas.cl\/wp-content\/uploads\/2026\/04\/logos-organizaciones-escazu-230x230.png 230w, https:\/\/derechoshumanosyempresas.cl\/wp-content\/uploads\/2026\/04\/logos-organizaciones-escazu-350x350.png 350w, https:\/\/derechoshumanosyempresas.cl\/wp-content\/uploads\/2026\/04\/logos-organizaciones-escazu-480x480.png 480w\" sizes=\"(max-width: 700px) 100vw, 700px\" \/>\t\t\t\t\t\t\t\t\t\t\t\t\t\t\t<\/div>\n\t\t\t\t<\/div>\n\t\t\t\t<\/div>\n\t\t<div class=\"elementor-element elementor-element-d312280 e-con-full e-flex e-con e-child\" data-id=\"d312280\" data-element_type=\"container\" data-e-type=\"container\">\n\t\t\t\t<div class=\"elementor-element elementor-element-0d8c879 elementor-widget elementor-widget-text-editor\" data-id=\"0d8c879\" data-element_type=\"widget\" data-e-type=\"widget\" data-widget_type=\"text-editor.default\">\n\t\t\t\t<div class=\"elementor-widget-container\">\n\t\t\t\t\t\t\t\t\t<p style=\"text-align: justify;\">Organizaci\u00f3n independiente, pol\u00edtica y econ\u00f3micamente, que trabaja desde 2020 por la fiscalizaci\u00f3n y promoci\u00f3n de los Derechos Humanos en Asuntos Ambientales de las personas y comunidades, prestando especial atenci\u00f3n al debido cumplimiento de los derechos consagrados por el Acuerdo de Escaz\u00fa.<\/p><ul><li>Sitio Web: <a href=\"http:\/\/www.escazuahorachile.cl\" target=\"_blank\" rel=\"noopener\">www.escazuahorachile.cl<\/a><\/li><li>Contacto: hola@escazu.cl<\/li><\/ul>\t\t\t\t\t\t\t\t<\/div>\n\t\t\t\t<\/div>\n\t\t\t\t<\/div>\n\t\t\t\t\t<\/div>\n\t\t\t\t<\/div>\n\t\t<div class=\"elementor-element elementor-element-7199aee e-flex e-con-boxed e-con e-parent\" data-id=\"7199aee\" data-element_type=\"container\" data-e-type=\"container\">\n\t\t\t\t\t<div class=\"e-con-inner\">\n\t\t<div class=\"elementor-element elementor-element-90ed8fa e-flex e-con-boxed e-con e-child\" data-id=\"90ed8fa\" data-element_type=\"container\" data-e-type=\"container\">\n\t\t\t\t\t<div class=\"e-con-inner\">\n\t\t<div class=\"elementor-element elementor-element-6c2f0ca e-flex e-con-boxed e-con e-child\" data-id=\"6c2f0ca\" data-element_type=\"container\" data-e-type=\"container\">\n\t\t\t\t\t<div class=\"e-con-inner\">\n\t\t\t\t<div class=\"elementor-element elementor-element-07a6df7 elementor-align-center elementor-widget elementor-widget-button\" data-id=\"07a6df7\" data-element_type=\"widget\" data-e-type=\"widget\" data-widget_type=\"button.default\">\n\t\t\t\t<div class=\"elementor-widget-container\">\n\t\t\t\t\t\t\t\t\t<div class=\"elementor-button-wrapper\">\n\t\t\t\t\t<a class=\"elementor-button elementor-button-link elementor-size-sm\" href=\"https:\/\/derechoshumanosyempresas.cl\/index.php\/organizaciones\/\">\n\t\t\t\t\t\t<span class=\"elementor-button-content-wrapper\">\n\t\t\t\t\t\t\t\t\t<span class=\"elementor-button-text\">+ ORGANIZACIONES AFILIADAS<\/span>\n\t\t\t\t\t<\/span>\n\t\t\t\t\t<\/a>\n\t\t\t\t<\/div>\n\t\t\t\t\t\t\t\t<\/div>\n\t\t\t\t<\/div>\n\t\t\t\t\t<\/div>\n\t\t\t\t<\/div>\n\t\t\t\t\t<\/div>\n\t\t\t\t<\/div>\n\t\t\t\t\t<\/div>\n\t\t\t\t<\/div>\n\t\t\t\t<\/div>\n\t\t","protected":false},"excerpt":{"rendered":"<p>Organizaci\u00f3n independiente, pol\u00edtica y econ\u00f3micamente, que trabaja desde 2020 por la fiscalizaci\u00f3n y promoci\u00f3n de los Derechos Humanos en Asuntos Ambientales de [&hellip;]<\/p>\n","protected":false},"author":1,"featured_media":0,"parent":0,"menu_order":0,"comment_status":"open","ping_status":"closed","template":"elementor_header_footer","meta":{"footnotes":""},"class_list":["post-3488","page","type-page","status-publish","hentry"],"yoast_head":"<!-- This site is optimized with the Yoast SEO plugin v27.3 - https:\/\/yoast.com\/product\/yoast-seo-wordpress\/ -->\n<title>Fundaci\u00f3n Escaz\u00fa Ahora - Plataforma Chilena de la Sociedad Civil de Derechos Humanos y Empresas<\/title>\n<meta name=\"robots\" content=\"index, follow, max-snippet:-1, max-image-preview:large, max-video-preview:-1\" \/>\n<link rel=\"canonical\" href=\"https:\/\/derechoshumanosyempresas.cl\/index.php\/fundacion-escazu-ahora\/\" \/>\n<meta property=\"og:locale\" content=\"es_ES\" \/>\n<meta property=\"og:type\" content=\"article\" \/>\n<meta property=\"og:title\" content=\"Fundaci\u00f3n Escaz\u00fa Ahora - Plataforma Chilena de la Sociedad Civil de Derechos Humanos y Empresas\" \/>\n<meta property=\"og:description\" content=\"Organizaci\u00f3n independiente, pol\u00edtica y econ\u00f3micamente, que trabaja desde 2020 por la fiscalizaci\u00f3n y promoci\u00f3n de los Derechos Humanos en Asuntos Ambientales de [&hellip;]\" \/>\n<meta property=\"og:url\" content=\"https:\/\/derechoshumanosyempresas.cl\/index.php\/fundacion-escazu-ahora\/\" \/>\n<meta property=\"og:site_name\" content=\"Plataforma Chilena de la Sociedad Civil de Derechos Humanos y Empresas\" \/>\n<meta property=\"article:modified_time\" content=\"2026-04-10T02:23:35+00:00\" \/>\n<meta property=\"og:image\" content=\"https:\/\/derechoshumanosyempresas.cl\/wp-content\/uploads\/2026\/04\/logos-organizaciones-escazu.png\" \/>\n\t<meta property=\"og:image:width\" content=\"700\" \/>\n\t<meta property=\"og:image:height\" content=\"700\" \/>\n\t<meta property=\"og:image:type\" content=\"image\/png\" \/>\n<meta name=\"twitter:card\" content=\"summary_large_image\" \/>\n<meta name=\"twitter:label1\" content=\"Tiempo de lectura\" \/>\n\t<meta name=\"twitter:data1\" content=\"1 minuto\" \/>\n<script type=\"application\/ld+json\" class=\"yoast-schema-graph\">{\"@context\":\"https:\\\/\\\/schema.org\",\"@graph\":[{\"@type\":\"WebPage\",\"@id\":\"https:\\\/\\\/derechoshumanosyempresas.cl\\\/index.php\\\/fundacion-escazu-ahora\\\/\",\"url\":\"https:\\\/\\\/derechoshumanosyempresas.cl\\\/index.php\\\/fundacion-escazu-ahora\\\/\",\"name\":\"Fundaci\u00f3n Escaz\u00fa Ahora - Plataforma Chilena de la Sociedad Civil de Derechos Humanos y Empresas\",\"isPartOf\":{\"@id\":\"https:\\\/\\\/derechoshumanosyempresas.cl\\\/#website\"},\"primaryImageOfPage\":{\"@id\":\"https:\\\/\\\/derechoshumanosyempresas.cl\\\/index.php\\\/fundacion-escazu-ahora\\\/#primaryimage\"},\"image\":{\"@id\":\"https:\\\/\\\/derechoshumanosyempresas.cl\\\/index.php\\\/fundacion-escazu-ahora\\\/#primaryimage\"},\"thumbnailUrl\":\"https:\\\/\\\/derechoshumanosyempresas.cl\\\/wp-content\\\/uploads\\\/2026\\\/04\\\/logos-organizaciones-escazu.png\",\"datePublished\":\"2026-04-10T02:10:04+00:00\",\"dateModified\":\"2026-04-10T02:23:35+00:00\",\"breadcrumb\":{\"@id\":\"https:\\\/\\\/derechoshumanosyempresas.cl\\\/index.php\\\/fundacion-escazu-ahora\\\/#breadcrumb\"},\"inLanguage\":\"es\",\"potentialAction\":[{\"@type\":\"ReadAction\",\"target\":[\"https:\\\/\\\/derechoshumanosyempresas.cl\\\/index.php\\\/fundacion-escazu-ahora\\\/\"]}]},{\"@type\":\"ImageObject\",\"inLanguage\":\"es\",\"@id\":\"https:\\\/\\\/derechoshumanosyempresas.cl\\\/index.php\\\/fundacion-escazu-ahora\\\/#primaryimage\",\"url\":\"https:\\\/\\\/derechoshumanosyempresas.cl\\\/wp-content\\\/uploads\\\/2026\\\/04\\\/logos-organizaciones-escazu.png\",\"contentUrl\":\"https:\\\/\\\/derechoshumanosyempresas.cl\\\/wp-content\\\/uploads\\\/2026\\\/04\\\/logos-organizaciones-escazu.png\",\"width\":700,\"height\":700},{\"@type\":\"BreadcrumbList\",\"@id\":\"https:\\\/\\\/derechoshumanosyempresas.cl\\\/index.php\\\/fundacion-escazu-ahora\\\/#breadcrumb\",\"itemListElement\":[{\"@type\":\"ListItem\",\"position\":1,\"name\":\"Portada\",\"item\":\"https:\\\/\\\/derechoshumanosyempresas.cl\\\/\"},{\"@type\":\"ListItem\",\"position\":2,\"name\":\"Fundaci\u00f3n Escaz\u00fa Ahora\"}]},{\"@type\":\"WebSite\",\"@id\":\"https:\\\/\\\/derechoshumanosyempresas.cl\\\/#website\",\"url\":\"https:\\\/\\\/derechoshumanosyempresas.cl\\\/\",\"name\":\"Plataforma Chilena de la Sociedad Civil de Derechos Humanos y Empresas\",\"description\":\"\",\"potentialAction\":[{\"@type\":\"SearchAction\",\"target\":{\"@type\":\"EntryPoint\",\"urlTemplate\":\"https:\\\/\\\/derechoshumanosyempresas.cl\\\/?s={search_term_string}\"},\"query-input\":{\"@type\":\"PropertyValueSpecification\",\"valueRequired\":true,\"valueName\":\"search_term_string\"}}],\"inLanguage\":\"es\"}]}<\/script>\n<!-- \/ Yoast SEO plugin. -->","yoast_head_json":{"title":"Fundaci\u00f3n Escaz\u00fa Ahora - Plataforma Chilena de la Sociedad Civil de Derechos Humanos y Empresas","robots":{"index":"index","follow":"follow","max-snippet":"max-snippet:-1","max-image-preview":"max-image-preview:large","max-video-preview":"max-video-preview:-1"},"canonical":"https:\/\/derechoshumanosyempresas.cl\/index.php\/fundacion-escazu-ahora\/","og_locale":"es_ES","og_type":"article","og_title":"Fundaci\u00f3n Escaz\u00fa Ahora - Plataforma Chilena de la Sociedad Civil de Derechos Humanos y Empresas","og_description":"Organizaci\u00f3n independiente, pol\u00edtica y econ\u00f3micamente, que trabaja desde 2020 por la fiscalizaci\u00f3n y promoci\u00f3n de los Derechos Humanos en Asuntos Ambientales de [&hellip;]","og_url":"https:\/\/derechoshumanosyempresas.cl\/index.php\/fundacion-escazu-ahora\/","og_site_name":"Plataforma Chilena de la Sociedad Civil de Derechos Humanos y Empresas","article_modified_time":"2026-04-10T02:23:35+00:00","og_image":[{"width":700,"height":700,"url":"https:\/\/derechoshumanosyempresas.cl\/wp-content\/uploads\/2026\/04\/logos-organizaciones-escazu.png","type":"image\/png"}],"twitter_card":"summary_large_image","twitter_misc":{"Tiempo de lectura":"1 minuto"},"schema":{"@context":"https:\/\/schema.org","@graph":[{"@type":"WebPage","@id":"https:\/\/derechoshumanosyempresas.cl\/index.php\/fundacion-escazu-ahora\/","url":"https:\/\/derechoshumanosyempresas.cl\/index.php\/fundacion-escazu-ahora\/","name":"Fundaci\u00f3n Escaz\u00fa Ahora - Plataforma Chilena de la Sociedad Civil de Derechos Humanos y Empresas","isPartOf":{"@id":"https:\/\/derechoshumanosyempresas.cl\/#website"},"primaryImageOfPage":{"@id":"https:\/\/derechoshumanosyempresas.cl\/index.php\/fundacion-escazu-ahora\/#primaryimage"},"image":{"@id":"https:\/\/derechoshumanosyempresas.cl\/index.php\/fundacion-escazu-ahora\/#primaryimage"},"thumbnailUrl":"https:\/\/derechoshumanosyempresas.cl\/wp-content\/uploads\/2026\/04\/logos-organizaciones-escazu.png","datePublished":"2026-04-10T02:10:04+00:00","dateModified":"2026-04-10T02:23:35+00:00","breadcrumb":{"@id":"https:\/\/derechoshumanosyempresas.cl\/index.php\/fundacion-escazu-ahora\/#breadcrumb"},"inLanguage":"es","potentialAction":[{"@type":"ReadAction","target":["https:\/\/derechoshumanosyempresas.cl\/index.php\/fundacion-escazu-ahora\/"]}]},{"@type":"ImageObject","inLanguage":"es","@id":"https:\/\/derechoshumanosyempresas.cl\/index.php\/fundacion-escazu-ahora\/#primaryimage","url":"https:\/\/derechoshumanosyempresas.cl\/wp-content\/uploads\/2026\/04\/logos-organizaciones-escazu.png","contentUrl":"https:\/\/derechoshumanosyempresas.cl\/wp-content\/uploads\/2026\/04\/logos-organizaciones-escazu.png","width":700,"height":700},{"@type":"BreadcrumbList","@id":"https:\/\/derechoshumanosyempresas.cl\/index.php\/fundacion-escazu-ahora\/#breadcrumb","itemListElement":[{"@type":"ListItem","position":1,"name":"Portada","item":"https:\/\/derechoshumanosyempresas.cl\/"},{"@type":"ListItem","position":2,"name":"Fundaci\u00f3n Escaz\u00fa Ahora"}]},{"@type":"WebSite","@id":"https:\/\/derechoshumanosyempresas.cl\/#website","url":"https:\/\/derechoshumanosyempresas.cl\/","name":"Plataforma Chilena de la Sociedad Civil de Derechos Humanos y Empresas","description":"","potentialAction":[{"@type":"SearchAction","target":{"@type":"EntryPoint","urlTemplate":"https:\/\/derechoshumanosyempresas.cl\/?s={search_term_string}"},"query-input":{"@type":"PropertyValueSpecification","valueRequired":true,"valueName":"search_term_string"}}],"inLanguage":"es"}]}},"wpmagazine_modules_lite_featured_media_urls":{"thumbnail":"","cvmm-medium":"","cvmm-medium-plus":"","cvmm-portrait":"","cvmm-medium-square":"","cvmm-large":"","cvmm-small":"","full":""},"categories_names":null,"comments_number":"0","_links":{"self":[{"href":"https:\/\/derechoshumanosyempresas.cl\/index.php\/wp-json\/wp\/v2\/pages\/3488","targetHints":{"allow":["GET"]}}],"collection":[{"href":"https:\/\/derechoshumanosyempresas.cl\/index.php\/wp-json\/wp\/v2\/pages"}],"about":[{"href":"https:\/\/derechoshumanosyempresas.cl\/index.php\/wp-json\/wp\/v2\/types\/page"}],"author":[{"embeddable":true,"href":"https:\/\/derechoshumanosyempresas.cl\/index.php\/wp-json\/wp\/v2\/users\/1"}],"replies":[{"embeddable":true,"href":"https:\/\/derechoshumanosyempresas.cl\/index.php\/wp-json\/wp\/v2\/comments?post=3488"}],"version-history":[{"count":13,"href":"https:\/\/derechoshumanosyempresas.cl\/index.php\/wp-json\/wp\/v2\/pages\/3488\/revisions"}],"predecessor-version":[{"id":3509,"href":"https:\/\/derechoshumanosyempresas.cl\/index.php\/wp-json\/wp\/v2\/pages\/3488\/revisions\/3509"}],"wp:attachment":[{"href":"https:\/\/derechoshumanosyempresas.cl\/index.php\/wp-json\/wp\/v2\/media?parent=3488"}],"curies":[{"name":"wp","href":"https:\/\/api.w.org\/{rel}","templated":true}]}}