{"id":3213,"date":"2025-09-15T00:15:54","date_gmt":"2025-09-15T04:15:54","guid":{"rendered":"https:\/\/derechoshumanosyempresas.cl\/?page_id=3213"},"modified":"2025-09-15T00:24:49","modified_gmt":"2025-09-15T04:24:49","slug":"centro-de-estudios-y-promocion-de-los-derechos-humanos","status":"publish","type":"page","link":"https:\/\/derechoshumanosyempresas.cl\/index.php\/centro-de-estudios-y-promocion-de-los-derechos-humanos\/","title":{"rendered":"Centro de Estudios y Promoci\u00f3n de los Derechos Humanos"},"content":{"rendered":"\t\t<div data-elementor-type=\"wp-page\" data-elementor-id=\"3213\" class=\"elementor elementor-3213\">\n\t\t\t\t<div class=\"elementor-element elementor-element-45aa8f6 e-flex e-con-boxed e-con e-parent\" data-id=\"45aa8f6\" data-element_type=\"container\" data-e-type=\"container\">\n\t\t\t\t\t<div class=\"e-con-inner\">\n\t\t<div class=\"elementor-element elementor-element-ba3b8c3 e-con-full e-flex e-con e-child\" data-id=\"ba3b8c3\" data-element_type=\"container\" data-e-type=\"container\">\n\t\t\t\t<div class=\"elementor-element elementor-element-429ab57 elementor-widget__width-initial elementor-widget elementor-widget-image\" data-id=\"429ab57\" data-element_type=\"widget\" data-e-type=\"widget\" data-widget_type=\"image.default\">\n\t\t\t\t<div class=\"elementor-widget-container\">\n\t\t\t\t\t\t\t\t\t\t\t\t\t\t\t<img fetchpriority=\"high\" decoding=\"async\" width=\"700\" height=\"700\" src=\"https:\/\/derechoshumanosyempresas.cl\/wp-content\/uploads\/2025\/09\/cepdhh.png\" class=\"attachment-large size-large wp-image-3216\" alt=\"\" srcset=\"https:\/\/derechoshumanosyempresas.cl\/wp-content\/uploads\/2025\/09\/cepdhh.png 700w, https:\/\/derechoshumanosyempresas.cl\/wp-content\/uploads\/2025\/09\/cepdhh-300x300.png 300w, https:\/\/derechoshumanosyempresas.cl\/wp-content\/uploads\/2025\/09\/cepdhh-150x150.png 150w, https:\/\/derechoshumanosyempresas.cl\/wp-content\/uploads\/2025\/09\/cepdhh-600x600.png 600w, https:\/\/derechoshumanosyempresas.cl\/wp-content\/uploads\/2025\/09\/cepdhh-230x230.png 230w, https:\/\/derechoshumanosyempresas.cl\/wp-content\/uploads\/2025\/09\/cepdhh-350x350.png 350w, https:\/\/derechoshumanosyempresas.cl\/wp-content\/uploads\/2025\/09\/cepdhh-480x480.png 480w\" sizes=\"(max-width: 700px) 100vw, 700px\" \/>\t\t\t\t\t\t\t\t\t\t\t\t\t\t\t<\/div>\n\t\t\t\t<\/div>\n\t\t\t\t<\/div>\n\t\t<div class=\"elementor-element elementor-element-2700d1b e-con-full e-flex e-con e-child\" data-id=\"2700d1b\" data-element_type=\"container\" data-e-type=\"container\">\n\t\t\t\t<div class=\"elementor-element elementor-element-f74bd12 elementor-widget elementor-widget-text-editor\" data-id=\"f74bd12\" data-element_type=\"widget\" data-e-type=\"widget\" data-widget_type=\"text-editor.default\">\n\t\t\t\t<div class=\"elementor-widget-container\">\n\t\t\t\t\t\t\t\t\t<p><span style=\"font-weight: 400;\">El Centro es una unidad adscrita a la Facultad de Educaci\u00f3n, Ciencias Sociales y Humanidades. Su objetivo es la producci\u00f3n del conocimiento cient\u00edfico, la formaci\u00f3n y la comunicaci\u00f3n social en torno a los Derechos Humanos, a nivel regional, nacional e internacional.<\/span><\/p><p><span style=\"font-weight: 400;\">Tambi\u00e9n busca aportar al establecimiento de una cultura de respeto de los DD.HH., considerando el contexto hist\u00f3rico y la diversidad social existente en La Araucan\u00eda.<\/span><\/p><p><span style=\"font-weight: 400;\">Sitio web: <\/span><a href=\"https:\/\/cdhufro.wordpress.com\/\"><span style=\"font-weight: 400;\">https:\/\/cdhufro.wordpress.com\/<\/span><span style=\"font-weight: 400;\"><br \/><\/span><\/a><span style=\"font-weight: 400;\">Contacto: <\/span><span style=\"font-weight: 400;\">nicole.drouilly@ufrontera.cl<\/span><\/p>\t\t\t\t\t\t\t\t<\/div>\n\t\t\t\t<\/div>\n\t\t\t\t<\/div>\n\t\t\t\t\t<\/div>\n\t\t\t\t<\/div>\n\t\t<div class=\"elementor-element elementor-element-9ca1f2e e-flex e-con-boxed e-con e-parent\" data-id=\"9ca1f2e\" data-element_type=\"container\" data-e-type=\"container\">\n\t\t\t\t\t<div class=\"e-con-inner\">\n\t\t<div class=\"elementor-element elementor-element-7f5289f e-flex e-con-boxed e-con e-child\" data-id=\"7f5289f\" data-element_type=\"container\" data-e-type=\"container\">\n\t\t\t\t\t<div class=\"e-con-inner\">\n\t\t<div class=\"elementor-element elementor-element-4a3c8b5 e-flex e-con-boxed e-con e-child\" data-id=\"4a3c8b5\" data-element_type=\"container\" data-e-type=\"container\">\n\t\t\t\t\t<div class=\"e-con-inner\">\n\t\t\t\t<div class=\"elementor-element elementor-element-16b4d04 elementor-align-center elementor-widget elementor-widget-button\" data-id=\"16b4d04\" data-element_type=\"widget\" data-e-type=\"widget\" data-widget_type=\"button.default\">\n\t\t\t\t<div class=\"elementor-widget-container\">\n\t\t\t\t\t\t\t\t\t<div class=\"elementor-button-wrapper\">\n\t\t\t\t\t<a class=\"elementor-button elementor-button-link elementor-size-sm\" href=\"https:\/\/derechoshumanosyempresas.cl\/index.php\/organizaciones\/\">\n\t\t\t\t\t\t<span class=\"elementor-button-content-wrapper\">\n\t\t\t\t\t\t\t\t\t<span class=\"elementor-button-text\">+ ORGANIZACIONES AFILIADAS<\/span>\n\t\t\t\t\t<\/span>\n\t\t\t\t\t<\/a>\n\t\t\t\t<\/div>\n\t\t\t\t\t\t\t\t<\/div>\n\t\t\t\t<\/div>\n\t\t\t\t\t<\/div>\n\t\t\t\t<\/div>\n\t\t\t\t\t<\/div>\n\t\t\t\t<\/div>\n\t\t\t\t\t<\/div>\n\t\t\t\t<\/div>\n\t\t\t\t<\/div>\n\t\t","protected":false},"excerpt":{"rendered":"<p>El Centro es una unidad adscrita a la Facultad de Educaci\u00f3n, Ciencias Sociales y Humanidades. Su objetivo es la producci\u00f3n del conocimiento [&hellip;]<\/p>\n","protected":false},"author":1,"featured_media":0,"parent":0,"menu_order":0,"comment_status":"closed","ping_status":"closed","template":"elementor_header_footer","meta":{"footnotes":""},"class_list":["post-3213","page","type-page","status-publish","hentry"],"yoast_head":"<!-- This site is optimized with the Yoast SEO plugin v27.3 - https:\/\/yoast.com\/product\/yoast-seo-wordpress\/ -->\n<title>Centro de Estudios y Promoci\u00f3n de los Derechos Humanos - Plataforma Chilena de la Sociedad Civil de Derechos Humanos y Empresas<\/title>\n<meta name=\"robots\" content=\"index, follow, max-snippet:-1, max-image-preview:large, max-video-preview:-1\" \/>\n<link rel=\"canonical\" href=\"https:\/\/derechoshumanosyempresas.cl\/index.php\/centro-de-estudios-y-promocion-de-los-derechos-humanos\/\" \/>\n<meta property=\"og:locale\" content=\"es_ES\" \/>\n<meta property=\"og:type\" content=\"article\" \/>\n<meta property=\"og:title\" content=\"Centro de Estudios y Promoci\u00f3n de los Derechos Humanos - Plataforma Chilena de la Sociedad Civil de Derechos Humanos y Empresas\" \/>\n<meta property=\"og:description\" content=\"El Centro es una unidad adscrita a la Facultad de Educaci\u00f3n, Ciencias Sociales y Humanidades. Su objetivo es la producci\u00f3n del conocimiento [&hellip;]\" \/>\n<meta property=\"og:url\" content=\"https:\/\/derechoshumanosyempresas.cl\/index.php\/centro-de-estudios-y-promocion-de-los-derechos-humanos\/\" \/>\n<meta property=\"og:site_name\" content=\"Plataforma Chilena de la Sociedad Civil de Derechos Humanos y Empresas\" \/>\n<meta property=\"article:modified_time\" content=\"2025-09-15T04:24:49+00:00\" \/>\n<meta property=\"og:image\" content=\"https:\/\/derechoshumanosyempresas.cl\/wp-content\/uploads\/2025\/09\/cepdhh.png\" \/>\n\t<meta property=\"og:image:width\" content=\"700\" \/>\n\t<meta property=\"og:image:height\" content=\"700\" \/>\n\t<meta property=\"og:image:type\" content=\"image\/png\" \/>\n<meta name=\"twitter:card\" content=\"summary_large_image\" \/>\n<meta name=\"twitter:label1\" content=\"Tiempo de lectura\" \/>\n\t<meta name=\"twitter:data1\" content=\"1 minuto\" \/>\n<script type=\"application\/ld+json\" class=\"yoast-schema-graph\">{\"@context\":\"https:\\\/\\\/schema.org\",\"@graph\":[{\"@type\":\"WebPage\",\"@id\":\"https:\\\/\\\/derechoshumanosyempresas.cl\\\/index.php\\\/centro-de-estudios-y-promocion-de-los-derechos-humanos\\\/\",\"url\":\"https:\\\/\\\/derechoshumanosyempresas.cl\\\/index.php\\\/centro-de-estudios-y-promocion-de-los-derechos-humanos\\\/\",\"name\":\"Centro de Estudios y Promoci\u00f3n de los Derechos Humanos - Plataforma Chilena de la Sociedad Civil de Derechos Humanos y Empresas\",\"isPartOf\":{\"@id\":\"https:\\\/\\\/derechoshumanosyempresas.cl\\\/#website\"},\"primaryImageOfPage\":{\"@id\":\"https:\\\/\\\/derechoshumanosyempresas.cl\\\/index.php\\\/centro-de-estudios-y-promocion-de-los-derechos-humanos\\\/#primaryimage\"},\"image\":{\"@id\":\"https:\\\/\\\/derechoshumanosyempresas.cl\\\/index.php\\\/centro-de-estudios-y-promocion-de-los-derechos-humanos\\\/#primaryimage\"},\"thumbnailUrl\":\"https:\\\/\\\/derechoshumanosyempresas.cl\\\/wp-content\\\/uploads\\\/2025\\\/09\\\/cepdhh.png\",\"datePublished\":\"2025-09-15T04:15:54+00:00\",\"dateModified\":\"2025-09-15T04:24:49+00:00\",\"breadcrumb\":{\"@id\":\"https:\\\/\\\/derechoshumanosyempresas.cl\\\/index.php\\\/centro-de-estudios-y-promocion-de-los-derechos-humanos\\\/#breadcrumb\"},\"inLanguage\":\"es\",\"potentialAction\":[{\"@type\":\"ReadAction\",\"target\":[\"https:\\\/\\\/derechoshumanosyempresas.cl\\\/index.php\\\/centro-de-estudios-y-promocion-de-los-derechos-humanos\\\/\"]}]},{\"@type\":\"ImageObject\",\"inLanguage\":\"es\",\"@id\":\"https:\\\/\\\/derechoshumanosyempresas.cl\\\/index.php\\\/centro-de-estudios-y-promocion-de-los-derechos-humanos\\\/#primaryimage\",\"url\":\"https:\\\/\\\/derechoshumanosyempresas.cl\\\/wp-content\\\/uploads\\\/2025\\\/09\\\/cepdhh.png\",\"contentUrl\":\"https:\\\/\\\/derechoshumanosyempresas.cl\\\/wp-content\\\/uploads\\\/2025\\\/09\\\/cepdhh.png\",\"width\":700,\"height\":700},{\"@type\":\"BreadcrumbList\",\"@id\":\"https:\\\/\\\/derechoshumanosyempresas.cl\\\/index.php\\\/centro-de-estudios-y-promocion-de-los-derechos-humanos\\\/#breadcrumb\",\"itemListElement\":[{\"@type\":\"ListItem\",\"position\":1,\"name\":\"Portada\",\"item\":\"https:\\\/\\\/derechoshumanosyempresas.cl\\\/\"},{\"@type\":\"ListItem\",\"position\":2,\"name\":\"Centro de Estudios y Promoci\u00f3n de los Derechos Humanos\"}]},{\"@type\":\"WebSite\",\"@id\":\"https:\\\/\\\/derechoshumanosyempresas.cl\\\/#website\",\"url\":\"https:\\\/\\\/derechoshumanosyempresas.cl\\\/\",\"name\":\"Plataforma Chilena de la Sociedad Civil de Derechos Humanos y Empresas\",\"description\":\"\",\"potentialAction\":[{\"@type\":\"SearchAction\",\"target\":{\"@type\":\"EntryPoint\",\"urlTemplate\":\"https:\\\/\\\/derechoshumanosyempresas.cl\\\/?s={search_term_string}\"},\"query-input\":{\"@type\":\"PropertyValueSpecification\",\"valueRequired\":true,\"valueName\":\"search_term_string\"}}],\"inLanguage\":\"es\"}]}<\/script>\n<!-- \/ Yoast SEO plugin. -->","yoast_head_json":{"title":"Centro de Estudios y Promoci\u00f3n de los Derechos Humanos - Plataforma Chilena de la Sociedad Civil de Derechos Humanos y Empresas","robots":{"index":"index","follow":"follow","max-snippet":"max-snippet:-1","max-image-preview":"max-image-preview:large","max-video-preview":"max-video-preview:-1"},"canonical":"https:\/\/derechoshumanosyempresas.cl\/index.php\/centro-de-estudios-y-promocion-de-los-derechos-humanos\/","og_locale":"es_ES","og_type":"article","og_title":"Centro de Estudios y Promoci\u00f3n de los Derechos Humanos - Plataforma Chilena de la Sociedad Civil de Derechos Humanos y Empresas","og_description":"El Centro es una unidad adscrita a la Facultad de Educaci\u00f3n, Ciencias Sociales y Humanidades. Su objetivo es la producci\u00f3n del conocimiento [&hellip;]","og_url":"https:\/\/derechoshumanosyempresas.cl\/index.php\/centro-de-estudios-y-promocion-de-los-derechos-humanos\/","og_site_name":"Plataforma Chilena de la Sociedad Civil de Derechos Humanos y Empresas","article_modified_time":"2025-09-15T04:24:49+00:00","og_image":[{"width":700,"height":700,"url":"https:\/\/derechoshumanosyempresas.cl\/wp-content\/uploads\/2025\/09\/cepdhh.png","type":"image\/png"}],"twitter_card":"summary_large_image","twitter_misc":{"Tiempo de lectura":"1 minuto"},"schema":{"@context":"https:\/\/schema.org","@graph":[{"@type":"WebPage","@id":"https:\/\/derechoshumanosyempresas.cl\/index.php\/centro-de-estudios-y-promocion-de-los-derechos-humanos\/","url":"https:\/\/derechoshumanosyempresas.cl\/index.php\/centro-de-estudios-y-promocion-de-los-derechos-humanos\/","name":"Centro de Estudios y Promoci\u00f3n de los Derechos Humanos - Plataforma Chilena de la Sociedad Civil de Derechos Humanos y Empresas","isPartOf":{"@id":"https:\/\/derechoshumanosyempresas.cl\/#website"},"primaryImageOfPage":{"@id":"https:\/\/derechoshumanosyempresas.cl\/index.php\/centro-de-estudios-y-promocion-de-los-derechos-humanos\/#primaryimage"},"image":{"@id":"https:\/\/derechoshumanosyempresas.cl\/index.php\/centro-de-estudios-y-promocion-de-los-derechos-humanos\/#primaryimage"},"thumbnailUrl":"https:\/\/derechoshumanosyempresas.cl\/wp-content\/uploads\/2025\/09\/cepdhh.png","datePublished":"2025-09-15T04:15:54+00:00","dateModified":"2025-09-15T04:24:49+00:00","breadcrumb":{"@id":"https:\/\/derechoshumanosyempresas.cl\/index.php\/centro-de-estudios-y-promocion-de-los-derechos-humanos\/#breadcrumb"},"inLanguage":"es","potentialAction":[{"@type":"ReadAction","target":["https:\/\/derechoshumanosyempresas.cl\/index.php\/centro-de-estudios-y-promocion-de-los-derechos-humanos\/"]}]},{"@type":"ImageObject","inLanguage":"es","@id":"https:\/\/derechoshumanosyempresas.cl\/index.php\/centro-de-estudios-y-promocion-de-los-derechos-humanos\/#primaryimage","url":"https:\/\/derechoshumanosyempresas.cl\/wp-content\/uploads\/2025\/09\/cepdhh.png","contentUrl":"https:\/\/derechoshumanosyempresas.cl\/wp-content\/uploads\/2025\/09\/cepdhh.png","width":700,"height":700},{"@type":"BreadcrumbList","@id":"https:\/\/derechoshumanosyempresas.cl\/index.php\/centro-de-estudios-y-promocion-de-los-derechos-humanos\/#breadcrumb","itemListElement":[{"@type":"ListItem","position":1,"name":"Portada","item":"https:\/\/derechoshumanosyempresas.cl\/"},{"@type":"ListItem","position":2,"name":"Centro de Estudios y Promoci\u00f3n de los Derechos Humanos"}]},{"@type":"WebSite","@id":"https:\/\/derechoshumanosyempresas.cl\/#website","url":"https:\/\/derechoshumanosyempresas.cl\/","name":"Plataforma Chilena de la Sociedad Civil de Derechos Humanos y Empresas","description":"","potentialAction":[{"@type":"SearchAction","target":{"@type":"EntryPoint","urlTemplate":"https:\/\/derechoshumanosyempresas.cl\/?s={search_term_string}"},"query-input":{"@type":"PropertyValueSpecification","valueRequired":true,"valueName":"search_term_string"}}],"inLanguage":"es"}]}},"wpmagazine_modules_lite_featured_media_urls":{"thumbnail":"","cvmm-medium":"","cvmm-medium-plus":"","cvmm-portrait":"","cvmm-medium-square":"","cvmm-large":"","cvmm-small":"","full":""},"categories_names":null,"comments_number":"0","_links":{"self":[{"href":"https:\/\/derechoshumanosyempresas.cl\/index.php\/wp-json\/wp\/v2\/pages\/3213","targetHints":{"allow":["GET"]}}],"collection":[{"href":"https:\/\/derechoshumanosyempresas.cl\/index.php\/wp-json\/wp\/v2\/pages"}],"about":[{"href":"https:\/\/derechoshumanosyempresas.cl\/index.php\/wp-json\/wp\/v2\/types\/page"}],"author":[{"embeddable":true,"href":"https:\/\/derechoshumanosyempresas.cl\/index.php\/wp-json\/wp\/v2\/users\/1"}],"replies":[{"embeddable":true,"href":"https:\/\/derechoshumanosyempresas.cl\/index.php\/wp-json\/wp\/v2\/comments?post=3213"}],"version-history":[{"count":0,"href":"https:\/\/derechoshumanosyempresas.cl\/index.php\/wp-json\/wp\/v2\/pages\/3213\/revisions"}],"wp:attachment":[{"href":"https:\/\/derechoshumanosyempresas.cl\/index.php\/wp-json\/wp\/v2\/media?parent=3213"}],"curies":[{"name":"wp","href":"https:\/\/api.w.org\/{rel}","templated":true}]}}