{"id":1951,"date":"2024-04-08T23:31:22","date_gmt":"2024-04-08T23:31:22","guid":{"rendered":"https:\/\/derechoshumanosyempresas.cl\/?page_id=1951"},"modified":"2026-03-05T17:22:27","modified_gmt":"2026-03-05T20:22:27","slug":"facultad-de-economia-y-negocios-de-la-universidad-alberto-hurtado","status":"publish","type":"page","link":"https:\/\/derechoshumanosyempresas.cl\/index.php\/facultad-de-economia-y-negocios-de-la-universidad-alberto-hurtado\/","title":{"rendered":"Facultad de Econom\u00eda y Negocios de la Universidad Alberto Hurtado"},"content":{"rendered":"\t\t<div data-elementor-type=\"wp-page\" data-elementor-id=\"1951\" class=\"elementor elementor-1951\">\n\t\t\t\t<div class=\"elementor-element elementor-element-90f2024 e-flex e-con-boxed e-con e-parent\" data-id=\"90f2024\" data-element_type=\"container\" data-e-type=\"container\">\n\t\t\t\t\t<div class=\"e-con-inner\">\n\t\t<div class=\"elementor-element elementor-element-8ee8360 e-con-full e-flex e-con e-child\" data-id=\"8ee8360\" data-element_type=\"container\" data-e-type=\"container\">\n\t\t\t\t<div class=\"elementor-element elementor-element-061ab83 elementor-widget__width-initial elementor-widget elementor-widget-image\" data-id=\"061ab83\" data-element_type=\"widget\" data-e-type=\"widget\" data-widget_type=\"image.default\">\n\t\t\t\t<div class=\"elementor-widget-container\">\n\t\t\t\t\t\t\t\t\t\t\t\t\t\t\t<img fetchpriority=\"high\" decoding=\"async\" width=\"300\" height=\"300\" src=\"https:\/\/derechoshumanosyempresas.cl\/wp-content\/uploads\/2024\/03\/uah.jpg\" class=\"attachment-large size-large wp-image-1029\" alt=\"\" srcset=\"https:\/\/derechoshumanosyempresas.cl\/wp-content\/uploads\/2024\/03\/uah.jpg 300w, https:\/\/derechoshumanosyempresas.cl\/wp-content\/uploads\/2024\/03\/uah-150x150.jpg 150w, https:\/\/derechoshumanosyempresas.cl\/wp-content\/uploads\/2024\/03\/uah-230x230.jpg 230w\" sizes=\"(max-width: 300px) 100vw, 300px\" \/>\t\t\t\t\t\t\t\t\t\t\t\t\t\t\t<\/div>\n\t\t\t\t<\/div>\n\t\t\t\t<\/div>\n\t\t<div class=\"elementor-element elementor-element-24eff15 e-con-full e-flex e-con e-child\" data-id=\"24eff15\" data-element_type=\"container\" data-e-type=\"container\">\n\t\t\t\t<div class=\"elementor-element elementor-element-68add89 elementor-widget elementor-widget-text-editor\" data-id=\"68add89\" data-element_type=\"widget\" data-e-type=\"widget\" data-widget_type=\"text-editor.default\">\n\t\t\t\t<div class=\"elementor-widget-container\">\n\t\t\t\t\t\t\t\t\t<p style=\"text-align: justify;\">Fundada como carrera de Ingenier\u00eda Comercial en el a\u00f1o 1998, la Facultad de Econom\u00eda y Negocios de la Universidad Alberto Hurtado ofrece un s\u00f3lido programa acad\u00e9mico de pregrado y postgrado que la sit\u00faan como un referente en el pa\u00eds.<\/p><p>Dentro de sus desaf\u00edos buscan contribuir en el bienestar humano, sin pasar a llevar las bases de las ciencias econ\u00f3micas y administrativas. Dicho equilibrio se busca a trav\u00e9s de la investigaci\u00f3n en las dos \u00e1reas que sustentan el oficio de la Facultad: Econom\u00eda y Gesti\u00f3n y Negocios.<\/p><ul><li>Sitio: <a href=\"https:\/\/fen.uahurtado.cl\/\" target=\"_blank\" rel=\"noopener\">www.fen.uahurtado.cl<\/a>\u00a0<\/li><li>Contacto: isanchez@uahurtado.cl<\/li><\/ul>\t\t\t\t\t\t\t\t<\/div>\n\t\t\t\t<\/div>\n\t\t\t\t<\/div>\n\t\t\t\t\t<\/div>\n\t\t\t\t<\/div>\n\t\t<div class=\"elementor-element elementor-element-3ed5a2a e-flex e-con-boxed e-con e-parent\" data-id=\"3ed5a2a\" data-element_type=\"container\" data-e-type=\"container\">\n\t\t\t\t\t<div class=\"e-con-inner\">\n\t\t<div class=\"elementor-element elementor-element-80f99f7 e-flex e-con-boxed e-con e-child\" data-id=\"80f99f7\" data-element_type=\"container\" data-e-type=\"container\">\n\t\t\t\t\t<div class=\"e-con-inner\">\n\t\t<div class=\"elementor-element elementor-element-8674c47 e-flex e-con-boxed e-con e-child\" data-id=\"8674c47\" data-element_type=\"container\" data-e-type=\"container\">\n\t\t\t\t\t<div class=\"e-con-inner\">\n\t\t\t\t<div class=\"elementor-element elementor-element-52c3aca elementor-align-center elementor-widget elementor-widget-button\" data-id=\"52c3aca\" data-element_type=\"widget\" data-e-type=\"widget\" data-widget_type=\"button.default\">\n\t\t\t\t<div class=\"elementor-widget-container\">\n\t\t\t\t\t\t\t\t\t<div class=\"elementor-button-wrapper\">\n\t\t\t\t\t<a class=\"elementor-button elementor-button-link elementor-size-sm\" href=\"https:\/\/derechoshumanosyempresas.cl\/index.php\/organizaciones\/\">\n\t\t\t\t\t\t<span class=\"elementor-button-content-wrapper\">\n\t\t\t\t\t\t\t\t\t<span class=\"elementor-button-text\">+ ORGANIZACIONES AFILIADAS<\/span>\n\t\t\t\t\t<\/span>\n\t\t\t\t\t<\/a>\n\t\t\t\t<\/div>\n\t\t\t\t\t\t\t\t<\/div>\n\t\t\t\t<\/div>\n\t\t\t\t\t<\/div>\n\t\t\t\t<\/div>\n\t\t\t\t\t<\/div>\n\t\t\t\t<\/div>\n\t\t\t\t\t<\/div>\n\t\t\t\t<\/div>\n\t\t\t\t<\/div>\n\t\t","protected":false},"excerpt":{"rendered":"<p>Fundada como carrera de Ingenier\u00eda Comercial en el a\u00f1o 1998, la Facultad de Econom\u00eda y Negocios de la Universidad Alberto Hurtado ofrece [&hellip;]<\/p>\n","protected":false},"author":1,"featured_media":0,"parent":0,"menu_order":0,"comment_status":"closed","ping_status":"closed","template":"elementor_header_footer","meta":{"footnotes":""},"class_list":["post-1951","page","type-page","status-publish","hentry"],"yoast_head":"<!-- This site is optimized with the Yoast SEO plugin v27.3 - https:\/\/yoast.com\/product\/yoast-seo-wordpress\/ -->\n<title>Facultad de Econom\u00eda y Negocios de la Universidad Alberto Hurtado - Plataforma Chilena de la Sociedad Civil de Derechos Humanos y Empresas<\/title>\n<meta name=\"robots\" content=\"index, follow, max-snippet:-1, max-image-preview:large, max-video-preview:-1\" \/>\n<link rel=\"canonical\" href=\"https:\/\/derechoshumanosyempresas.cl\/index.php\/facultad-de-economia-y-negocios-de-la-universidad-alberto-hurtado\/\" \/>\n<meta property=\"og:locale\" content=\"es_ES\" \/>\n<meta property=\"og:type\" content=\"article\" \/>\n<meta property=\"og:title\" content=\"Facultad de Econom\u00eda y Negocios de la Universidad Alberto Hurtado - Plataforma Chilena de la Sociedad Civil de Derechos Humanos y Empresas\" \/>\n<meta property=\"og:description\" content=\"Fundada como carrera de Ingenier\u00eda Comercial en el a\u00f1o 1998, la Facultad de Econom\u00eda y Negocios de la Universidad Alberto Hurtado ofrece [&hellip;]\" \/>\n<meta property=\"og:url\" content=\"https:\/\/derechoshumanosyempresas.cl\/index.php\/facultad-de-economia-y-negocios-de-la-universidad-alberto-hurtado\/\" \/>\n<meta property=\"og:site_name\" content=\"Plataforma Chilena de la Sociedad Civil de Derechos Humanos y Empresas\" \/>\n<meta property=\"article:modified_time\" content=\"2026-03-05T20:22:27+00:00\" \/>\n<meta property=\"og:image\" content=\"https:\/\/derechoshumanosyempresas.cl\/wp-content\/uploads\/2024\/03\/uah.jpg\" \/>\n\t<meta property=\"og:image:width\" content=\"300\" \/>\n\t<meta property=\"og:image:height\" content=\"300\" \/>\n\t<meta property=\"og:image:type\" content=\"image\/jpeg\" \/>\n<meta name=\"twitter:card\" content=\"summary_large_image\" \/>\n<meta name=\"twitter:label1\" content=\"Tiempo de lectura\" \/>\n\t<meta name=\"twitter:data1\" content=\"1 minuto\" \/>\n<script type=\"application\/ld+json\" class=\"yoast-schema-graph\">{\"@context\":\"https:\\\/\\\/schema.org\",\"@graph\":[{\"@type\":\"WebPage\",\"@id\":\"https:\\\/\\\/derechoshumanosyempresas.cl\\\/index.php\\\/facultad-de-economia-y-negocios-de-la-universidad-alberto-hurtado\\\/\",\"url\":\"https:\\\/\\\/derechoshumanosyempresas.cl\\\/index.php\\\/facultad-de-economia-y-negocios-de-la-universidad-alberto-hurtado\\\/\",\"name\":\"Facultad de Econom\u00eda y Negocios de la Universidad Alberto Hurtado - Plataforma Chilena de la Sociedad Civil de Derechos Humanos y Empresas\",\"isPartOf\":{\"@id\":\"https:\\\/\\\/derechoshumanosyempresas.cl\\\/#website\"},\"primaryImageOfPage\":{\"@id\":\"https:\\\/\\\/derechoshumanosyempresas.cl\\\/index.php\\\/facultad-de-economia-y-negocios-de-la-universidad-alberto-hurtado\\\/#primaryimage\"},\"image\":{\"@id\":\"https:\\\/\\\/derechoshumanosyempresas.cl\\\/index.php\\\/facultad-de-economia-y-negocios-de-la-universidad-alberto-hurtado\\\/#primaryimage\"},\"thumbnailUrl\":\"https:\\\/\\\/derechoshumanosyempresas.cl\\\/wp-content\\\/uploads\\\/2024\\\/03\\\/uah.jpg\",\"datePublished\":\"2024-04-08T23:31:22+00:00\",\"dateModified\":\"2026-03-05T20:22:27+00:00\",\"breadcrumb\":{\"@id\":\"https:\\\/\\\/derechoshumanosyempresas.cl\\\/index.php\\\/facultad-de-economia-y-negocios-de-la-universidad-alberto-hurtado\\\/#breadcrumb\"},\"inLanguage\":\"es\",\"potentialAction\":[{\"@type\":\"ReadAction\",\"target\":[\"https:\\\/\\\/derechoshumanosyempresas.cl\\\/index.php\\\/facultad-de-economia-y-negocios-de-la-universidad-alberto-hurtado\\\/\"]}]},{\"@type\":\"ImageObject\",\"inLanguage\":\"es\",\"@id\":\"https:\\\/\\\/derechoshumanosyempresas.cl\\\/index.php\\\/facultad-de-economia-y-negocios-de-la-universidad-alberto-hurtado\\\/#primaryimage\",\"url\":\"https:\\\/\\\/derechoshumanosyempresas.cl\\\/wp-content\\\/uploads\\\/2024\\\/03\\\/uah.jpg\",\"contentUrl\":\"https:\\\/\\\/derechoshumanosyempresas.cl\\\/wp-content\\\/uploads\\\/2024\\\/03\\\/uah.jpg\",\"width\":300,\"height\":300},{\"@type\":\"BreadcrumbList\",\"@id\":\"https:\\\/\\\/derechoshumanosyempresas.cl\\\/index.php\\\/facultad-de-economia-y-negocios-de-la-universidad-alberto-hurtado\\\/#breadcrumb\",\"itemListElement\":[{\"@type\":\"ListItem\",\"position\":1,\"name\":\"Portada\",\"item\":\"https:\\\/\\\/derechoshumanosyempresas.cl\\\/\"},{\"@type\":\"ListItem\",\"position\":2,\"name\":\"Facultad de Econom\u00eda y Negocios de la Universidad Alberto Hurtado\"}]},{\"@type\":\"WebSite\",\"@id\":\"https:\\\/\\\/derechoshumanosyempresas.cl\\\/#website\",\"url\":\"https:\\\/\\\/derechoshumanosyempresas.cl\\\/\",\"name\":\"Plataforma Chilena de la Sociedad Civil de Derechos Humanos y Empresas\",\"description\":\"\",\"potentialAction\":[{\"@type\":\"SearchAction\",\"target\":{\"@type\":\"EntryPoint\",\"urlTemplate\":\"https:\\\/\\\/derechoshumanosyempresas.cl\\\/?s={search_term_string}\"},\"query-input\":{\"@type\":\"PropertyValueSpecification\",\"valueRequired\":true,\"valueName\":\"search_term_string\"}}],\"inLanguage\":\"es\"}]}<\/script>\n<!-- \/ Yoast SEO plugin. -->","yoast_head_json":{"title":"Facultad de Econom\u00eda y Negocios de la Universidad Alberto Hurtado - Plataforma Chilena de la Sociedad Civil de Derechos Humanos y Empresas","robots":{"index":"index","follow":"follow","max-snippet":"max-snippet:-1","max-image-preview":"max-image-preview:large","max-video-preview":"max-video-preview:-1"},"canonical":"https:\/\/derechoshumanosyempresas.cl\/index.php\/facultad-de-economia-y-negocios-de-la-universidad-alberto-hurtado\/","og_locale":"es_ES","og_type":"article","og_title":"Facultad de Econom\u00eda y Negocios de la Universidad Alberto Hurtado - Plataforma Chilena de la Sociedad Civil de Derechos Humanos y Empresas","og_description":"Fundada como carrera de Ingenier\u00eda Comercial en el a\u00f1o 1998, la Facultad de Econom\u00eda y Negocios de la Universidad Alberto Hurtado ofrece [&hellip;]","og_url":"https:\/\/derechoshumanosyempresas.cl\/index.php\/facultad-de-economia-y-negocios-de-la-universidad-alberto-hurtado\/","og_site_name":"Plataforma Chilena de la Sociedad Civil de Derechos Humanos y Empresas","article_modified_time":"2026-03-05T20:22:27+00:00","og_image":[{"width":300,"height":300,"url":"https:\/\/derechoshumanosyempresas.cl\/wp-content\/uploads\/2024\/03\/uah.jpg","type":"image\/jpeg"}],"twitter_card":"summary_large_image","twitter_misc":{"Tiempo de lectura":"1 minuto"},"schema":{"@context":"https:\/\/schema.org","@graph":[{"@type":"WebPage","@id":"https:\/\/derechoshumanosyempresas.cl\/index.php\/facultad-de-economia-y-negocios-de-la-universidad-alberto-hurtado\/","url":"https:\/\/derechoshumanosyempresas.cl\/index.php\/facultad-de-economia-y-negocios-de-la-universidad-alberto-hurtado\/","name":"Facultad de Econom\u00eda y Negocios de la Universidad Alberto Hurtado - Plataforma Chilena de la Sociedad Civil de Derechos Humanos y Empresas","isPartOf":{"@id":"https:\/\/derechoshumanosyempresas.cl\/#website"},"primaryImageOfPage":{"@id":"https:\/\/derechoshumanosyempresas.cl\/index.php\/facultad-de-economia-y-negocios-de-la-universidad-alberto-hurtado\/#primaryimage"},"image":{"@id":"https:\/\/derechoshumanosyempresas.cl\/index.php\/facultad-de-economia-y-negocios-de-la-universidad-alberto-hurtado\/#primaryimage"},"thumbnailUrl":"https:\/\/derechoshumanosyempresas.cl\/wp-content\/uploads\/2024\/03\/uah.jpg","datePublished":"2024-04-08T23:31:22+00:00","dateModified":"2026-03-05T20:22:27+00:00","breadcrumb":{"@id":"https:\/\/derechoshumanosyempresas.cl\/index.php\/facultad-de-economia-y-negocios-de-la-universidad-alberto-hurtado\/#breadcrumb"},"inLanguage":"es","potentialAction":[{"@type":"ReadAction","target":["https:\/\/derechoshumanosyempresas.cl\/index.php\/facultad-de-economia-y-negocios-de-la-universidad-alberto-hurtado\/"]}]},{"@type":"ImageObject","inLanguage":"es","@id":"https:\/\/derechoshumanosyempresas.cl\/index.php\/facultad-de-economia-y-negocios-de-la-universidad-alberto-hurtado\/#primaryimage","url":"https:\/\/derechoshumanosyempresas.cl\/wp-content\/uploads\/2024\/03\/uah.jpg","contentUrl":"https:\/\/derechoshumanosyempresas.cl\/wp-content\/uploads\/2024\/03\/uah.jpg","width":300,"height":300},{"@type":"BreadcrumbList","@id":"https:\/\/derechoshumanosyempresas.cl\/index.php\/facultad-de-economia-y-negocios-de-la-universidad-alberto-hurtado\/#breadcrumb","itemListElement":[{"@type":"ListItem","position":1,"name":"Portada","item":"https:\/\/derechoshumanosyempresas.cl\/"},{"@type":"ListItem","position":2,"name":"Facultad de Econom\u00eda y Negocios de la Universidad Alberto Hurtado"}]},{"@type":"WebSite","@id":"https:\/\/derechoshumanosyempresas.cl\/#website","url":"https:\/\/derechoshumanosyempresas.cl\/","name":"Plataforma Chilena de la Sociedad Civil de Derechos Humanos y Empresas","description":"","potentialAction":[{"@type":"SearchAction","target":{"@type":"EntryPoint","urlTemplate":"https:\/\/derechoshumanosyempresas.cl\/?s={search_term_string}"},"query-input":{"@type":"PropertyValueSpecification","valueRequired":true,"valueName":"search_term_string"}}],"inLanguage":"es"}]}},"wpmagazine_modules_lite_featured_media_urls":{"thumbnail":"","cvmm-medium":"","cvmm-medium-plus":"","cvmm-portrait":"","cvmm-medium-square":"","cvmm-large":"","cvmm-small":"","full":""},"categories_names":null,"comments_number":"0","_links":{"self":[{"href":"https:\/\/derechoshumanosyempresas.cl\/index.php\/wp-json\/wp\/v2\/pages\/1951","targetHints":{"allow":["GET"]}}],"collection":[{"href":"https:\/\/derechoshumanosyempresas.cl\/index.php\/wp-json\/wp\/v2\/pages"}],"about":[{"href":"https:\/\/derechoshumanosyempresas.cl\/index.php\/wp-json\/wp\/v2\/types\/page"}],"author":[{"embeddable":true,"href":"https:\/\/derechoshumanosyempresas.cl\/index.php\/wp-json\/wp\/v2\/users\/1"}],"replies":[{"embeddable":true,"href":"https:\/\/derechoshumanosyempresas.cl\/index.php\/wp-json\/wp\/v2\/comments?post=1951"}],"version-history":[{"count":6,"href":"https:\/\/derechoshumanosyempresas.cl\/index.php\/wp-json\/wp\/v2\/pages\/1951\/revisions"}],"predecessor-version":[{"id":3468,"href":"https:\/\/derechoshumanosyempresas.cl\/index.php\/wp-json\/wp\/v2\/pages\/1951\/revisions\/3468"}],"wp:attachment":[{"href":"https:\/\/derechoshumanosyempresas.cl\/index.php\/wp-json\/wp\/v2\/media?parent=1951"}],"curies":[{"name":"wp","href":"https:\/\/api.w.org\/{rel}","templated":true}]}}