{"id":1471,"date":"2024-03-14T22:22:40","date_gmt":"2024-03-14T22:22:40","guid":{"rendered":"https:\/\/derechoshumanosyempresas.cl\/?page_id=1471"},"modified":"2025-09-14T23:02:35","modified_gmt":"2025-09-15T03:02:35","slug":"fima","status":"publish","type":"page","link":"https:\/\/derechoshumanosyempresas.cl\/index.php\/fima\/","title":{"rendered":"Fima"},"content":{"rendered":"\t\t<div data-elementor-type=\"wp-page\" data-elementor-id=\"1471\" class=\"elementor elementor-1471\">\n\t\t\t\t<div class=\"elementor-element elementor-element-65fbaf1 e-flex e-con-boxed e-con e-parent\" data-id=\"65fbaf1\" data-element_type=\"container\" data-e-type=\"container\">\n\t\t\t\t\t<div class=\"e-con-inner\">\n\t\t<div class=\"elementor-element elementor-element-d0254ea e-con-full e-flex e-con e-child\" data-id=\"d0254ea\" data-element_type=\"container\" data-e-type=\"container\">\n\t\t\t\t<div class=\"elementor-element elementor-element-daf1f60 elementor-widget__width-initial elementor-widget elementor-widget-image\" data-id=\"daf1f60\" data-element_type=\"widget\" data-e-type=\"widget\" data-widget_type=\"image.default\">\n\t\t\t\t<div class=\"elementor-widget-container\">\n\t\t\t\t\t\t\t\t\t\t\t\t\t\t\t<img fetchpriority=\"high\" decoding=\"async\" width=\"687\" height=\"775\" src=\"https:\/\/derechoshumanosyempresas.cl\/wp-content\/uploads\/2025\/05\/FIMA-Color-2.png\" class=\"attachment-large size-large wp-image-2766\" alt=\"\" srcset=\"https:\/\/derechoshumanosyempresas.cl\/wp-content\/uploads\/2025\/05\/FIMA-Color-2.png 687w, https:\/\/derechoshumanosyempresas.cl\/wp-content\/uploads\/2025\/05\/FIMA-Color-2-266x300.png 266w, https:\/\/derechoshumanosyempresas.cl\/wp-content\/uploads\/2025\/05\/FIMA-Color-2-230x259.png 230w, https:\/\/derechoshumanosyempresas.cl\/wp-content\/uploads\/2025\/05\/FIMA-Color-2-350x395.png 350w, https:\/\/derechoshumanosyempresas.cl\/wp-content\/uploads\/2025\/05\/FIMA-Color-2-480x541.png 480w\" sizes=\"(max-width: 687px) 100vw, 687px\" \/>\t\t\t\t\t\t\t\t\t\t\t\t\t\t\t<\/div>\n\t\t\t\t<\/div>\n\t\t\t\t<\/div>\n\t\t<div class=\"elementor-element elementor-element-a8cdec3 e-con-full e-flex e-con e-child\" data-id=\"a8cdec3\" data-element_type=\"container\" data-e-type=\"container\">\n\t\t\t\t<div class=\"elementor-element elementor-element-b867ef3 elementor-widget elementor-widget-text-editor\" data-id=\"b867ef3\" data-element_type=\"widget\" data-e-type=\"widget\" data-widget_type=\"text-editor.default\">\n\t\t\t\t<div class=\"elementor-widget-container\">\n\t\t\t\t\t\t\t\t\t<p><span style=\"font-weight: 400;\"><strong>FIMA<\/strong> es una ONG, sin fines de lucro, fundada en 1998, totalmente independiente de todo \u00f3rgano gubernamental o pol\u00edtico partidista. Su labor busca ser un aporte significativo a la pol\u00edtica, la legislaci\u00f3n y el acceso a la justicia ambiental en Chile.<\/span><\/p><p><span style=\"font-weight: 400;\">Su misi\u00f3n es \u201cpromover activamente el derecho a vivir en un medio ambiente sano y velar por la protecci\u00f3n de la naturaleza\u201d.<\/span><\/p><ul><li>Sitio Web: <a href=\"https:\/\/www.fima.cl\/\" target=\"_blank\" rel=\"noopener\">www.fima.cl<\/a><\/li><li>Contacto: <span style=\"font-weight: 400;\">fima@fima.cl<\/span><\/li><\/ul>\t\t\t\t\t\t\t\t<\/div>\n\t\t\t\t<\/div>\n\t\t\t\t<\/div>\n\t\t\t\t\t<\/div>\n\t\t\t\t<\/div>\n\t\t<div class=\"elementor-element elementor-element-521f816 e-flex e-con-boxed e-con e-parent\" data-id=\"521f816\" data-element_type=\"container\" data-e-type=\"container\">\n\t\t\t\t\t<div class=\"e-con-inner\">\n\t\t<div class=\"elementor-element elementor-element-05950fe e-flex e-con-boxed e-con e-child\" data-id=\"05950fe\" data-element_type=\"container\" data-e-type=\"container\">\n\t\t\t\t\t<div class=\"e-con-inner\">\n\t\t<div class=\"elementor-element elementor-element-5970001 e-flex e-con-boxed e-con e-child\" data-id=\"5970001\" data-element_type=\"container\" data-e-type=\"container\">\n\t\t\t\t\t<div class=\"e-con-inner\">\n\t\t\t\t<div class=\"elementor-element elementor-element-82b7d5b elementor-align-center elementor-widget elementor-widget-button\" data-id=\"82b7d5b\" data-element_type=\"widget\" data-e-type=\"widget\" data-widget_type=\"button.default\">\n\t\t\t\t<div class=\"elementor-widget-container\">\n\t\t\t\t\t\t\t\t\t<div class=\"elementor-button-wrapper\">\n\t\t\t\t\t<a class=\"elementor-button elementor-button-link elementor-size-sm\" href=\"https:\/\/derechoshumanosyempresas.cl\/index.php\/organizaciones\/\">\n\t\t\t\t\t\t<span class=\"elementor-button-content-wrapper\">\n\t\t\t\t\t\t\t\t\t<span class=\"elementor-button-text\">+ ORGANIZACIONES AFILIADAS<\/span>\n\t\t\t\t\t<\/span>\n\t\t\t\t\t<\/a>\n\t\t\t\t<\/div>\n\t\t\t\t\t\t\t\t<\/div>\n\t\t\t\t<\/div>\n\t\t\t\t\t<\/div>\n\t\t\t\t<\/div>\n\t\t\t\t\t<\/div>\n\t\t\t\t<\/div>\n\t\t\t\t\t<\/div>\n\t\t\t\t<\/div>\n\t\t\t\t<\/div>\n\t\t","protected":false},"excerpt":{"rendered":"<p>FIMA es una ONG, sin fines de lucro, fundada en 1998, totalmente independiente de todo \u00f3rgano gubernamental o pol\u00edtico partidista. Su labor [&hellip;]<\/p>\n","protected":false},"author":1,"featured_media":0,"parent":0,"menu_order":0,"comment_status":"closed","ping_status":"closed","template":"elementor_header_footer","meta":{"footnotes":""},"class_list":["post-1471","page","type-page","status-publish","hentry"],"yoast_head":"<!-- This site is optimized with the Yoast SEO plugin v27.3 - https:\/\/yoast.com\/product\/yoast-seo-wordpress\/ -->\n<title>Fima - Plataforma Chilena de la Sociedad Civil de Derechos Humanos y Empresas<\/title>\n<meta name=\"robots\" content=\"index, follow, max-snippet:-1, max-image-preview:large, max-video-preview:-1\" \/>\n<link rel=\"canonical\" href=\"https:\/\/derechoshumanosyempresas.cl\/index.php\/fima\/\" \/>\n<meta property=\"og:locale\" content=\"es_ES\" \/>\n<meta property=\"og:type\" content=\"article\" \/>\n<meta property=\"og:title\" content=\"Fima - Plataforma Chilena de la Sociedad Civil de Derechos Humanos y Empresas\" \/>\n<meta property=\"og:description\" content=\"FIMA es una ONG, sin fines de lucro, fundada en 1998, totalmente independiente de todo \u00f3rgano gubernamental o pol\u00edtico partidista. Su labor [&hellip;]\" \/>\n<meta property=\"og:url\" content=\"https:\/\/derechoshumanosyempresas.cl\/index.php\/fima\/\" \/>\n<meta property=\"og:site_name\" content=\"Plataforma Chilena de la Sociedad Civil de Derechos Humanos y Empresas\" \/>\n<meta property=\"article:modified_time\" content=\"2025-09-15T03:02:35+00:00\" \/>\n<meta property=\"og:image\" content=\"https:\/\/derechoshumanosyempresas.cl\/wp-content\/uploads\/2025\/05\/FIMA-Color-2.png\" \/>\n\t<meta property=\"og:image:width\" content=\"687\" \/>\n\t<meta property=\"og:image:height\" content=\"775\" \/>\n\t<meta property=\"og:image:type\" content=\"image\/png\" \/>\n<meta name=\"twitter:card\" content=\"summary_large_image\" \/>\n<meta name=\"twitter:label1\" content=\"Tiempo de lectura\" \/>\n\t<meta name=\"twitter:data1\" content=\"1 minuto\" \/>\n<script type=\"application\/ld+json\" class=\"yoast-schema-graph\">{\"@context\":\"https:\\\/\\\/schema.org\",\"@graph\":[{\"@type\":\"WebPage\",\"@id\":\"https:\\\/\\\/derechoshumanosyempresas.cl\\\/index.php\\\/fima\\\/\",\"url\":\"https:\\\/\\\/derechoshumanosyempresas.cl\\\/index.php\\\/fima\\\/\",\"name\":\"Fima - Plataforma Chilena de la Sociedad Civil de Derechos Humanos y Empresas\",\"isPartOf\":{\"@id\":\"https:\\\/\\\/derechoshumanosyempresas.cl\\\/#website\"},\"primaryImageOfPage\":{\"@id\":\"https:\\\/\\\/derechoshumanosyempresas.cl\\\/index.php\\\/fima\\\/#primaryimage\"},\"image\":{\"@id\":\"https:\\\/\\\/derechoshumanosyempresas.cl\\\/index.php\\\/fima\\\/#primaryimage\"},\"thumbnailUrl\":\"https:\\\/\\\/derechoshumanosyempresas.cl\\\/wp-content\\\/uploads\\\/2025\\\/05\\\/FIMA-Color-2.png\",\"datePublished\":\"2024-03-14T22:22:40+00:00\",\"dateModified\":\"2025-09-15T03:02:35+00:00\",\"breadcrumb\":{\"@id\":\"https:\\\/\\\/derechoshumanosyempresas.cl\\\/index.php\\\/fima\\\/#breadcrumb\"},\"inLanguage\":\"es\",\"potentialAction\":[{\"@type\":\"ReadAction\",\"target\":[\"https:\\\/\\\/derechoshumanosyempresas.cl\\\/index.php\\\/fima\\\/\"]}]},{\"@type\":\"ImageObject\",\"inLanguage\":\"es\",\"@id\":\"https:\\\/\\\/derechoshumanosyempresas.cl\\\/index.php\\\/fima\\\/#primaryimage\",\"url\":\"https:\\\/\\\/derechoshumanosyempresas.cl\\\/wp-content\\\/uploads\\\/2025\\\/05\\\/FIMA-Color-2.png\",\"contentUrl\":\"https:\\\/\\\/derechoshumanosyempresas.cl\\\/wp-content\\\/uploads\\\/2025\\\/05\\\/FIMA-Color-2.png\",\"width\":687,\"height\":775},{\"@type\":\"BreadcrumbList\",\"@id\":\"https:\\\/\\\/derechoshumanosyempresas.cl\\\/index.php\\\/fima\\\/#breadcrumb\",\"itemListElement\":[{\"@type\":\"ListItem\",\"position\":1,\"name\":\"Portada\",\"item\":\"https:\\\/\\\/derechoshumanosyempresas.cl\\\/\"},{\"@type\":\"ListItem\",\"position\":2,\"name\":\"Fima\"}]},{\"@type\":\"WebSite\",\"@id\":\"https:\\\/\\\/derechoshumanosyempresas.cl\\\/#website\",\"url\":\"https:\\\/\\\/derechoshumanosyempresas.cl\\\/\",\"name\":\"Plataforma Chilena de la Sociedad Civil de Derechos Humanos y Empresas\",\"description\":\"\",\"potentialAction\":[{\"@type\":\"SearchAction\",\"target\":{\"@type\":\"EntryPoint\",\"urlTemplate\":\"https:\\\/\\\/derechoshumanosyempresas.cl\\\/?s={search_term_string}\"},\"query-input\":{\"@type\":\"PropertyValueSpecification\",\"valueRequired\":true,\"valueName\":\"search_term_string\"}}],\"inLanguage\":\"es\"}]}<\/script>\n<!-- \/ Yoast SEO plugin. -->","yoast_head_json":{"title":"Fima - Plataforma Chilena de la Sociedad Civil de Derechos Humanos y Empresas","robots":{"index":"index","follow":"follow","max-snippet":"max-snippet:-1","max-image-preview":"max-image-preview:large","max-video-preview":"max-video-preview:-1"},"canonical":"https:\/\/derechoshumanosyempresas.cl\/index.php\/fima\/","og_locale":"es_ES","og_type":"article","og_title":"Fima - Plataforma Chilena de la Sociedad Civil de Derechos Humanos y Empresas","og_description":"FIMA es una ONG, sin fines de lucro, fundada en 1998, totalmente independiente de todo \u00f3rgano gubernamental o pol\u00edtico partidista. Su labor [&hellip;]","og_url":"https:\/\/derechoshumanosyempresas.cl\/index.php\/fima\/","og_site_name":"Plataforma Chilena de la Sociedad Civil de Derechos Humanos y Empresas","article_modified_time":"2025-09-15T03:02:35+00:00","og_image":[{"width":687,"height":775,"url":"https:\/\/derechoshumanosyempresas.cl\/wp-content\/uploads\/2025\/05\/FIMA-Color-2.png","type":"image\/png"}],"twitter_card":"summary_large_image","twitter_misc":{"Tiempo de lectura":"1 minuto"},"schema":{"@context":"https:\/\/schema.org","@graph":[{"@type":"WebPage","@id":"https:\/\/derechoshumanosyempresas.cl\/index.php\/fima\/","url":"https:\/\/derechoshumanosyempresas.cl\/index.php\/fima\/","name":"Fima - Plataforma Chilena de la Sociedad Civil de Derechos Humanos y Empresas","isPartOf":{"@id":"https:\/\/derechoshumanosyempresas.cl\/#website"},"primaryImageOfPage":{"@id":"https:\/\/derechoshumanosyempresas.cl\/index.php\/fima\/#primaryimage"},"image":{"@id":"https:\/\/derechoshumanosyempresas.cl\/index.php\/fima\/#primaryimage"},"thumbnailUrl":"https:\/\/derechoshumanosyempresas.cl\/wp-content\/uploads\/2025\/05\/FIMA-Color-2.png","datePublished":"2024-03-14T22:22:40+00:00","dateModified":"2025-09-15T03:02:35+00:00","breadcrumb":{"@id":"https:\/\/derechoshumanosyempresas.cl\/index.php\/fima\/#breadcrumb"},"inLanguage":"es","potentialAction":[{"@type":"ReadAction","target":["https:\/\/derechoshumanosyempresas.cl\/index.php\/fima\/"]}]},{"@type":"ImageObject","inLanguage":"es","@id":"https:\/\/derechoshumanosyempresas.cl\/index.php\/fima\/#primaryimage","url":"https:\/\/derechoshumanosyempresas.cl\/wp-content\/uploads\/2025\/05\/FIMA-Color-2.png","contentUrl":"https:\/\/derechoshumanosyempresas.cl\/wp-content\/uploads\/2025\/05\/FIMA-Color-2.png","width":687,"height":775},{"@type":"BreadcrumbList","@id":"https:\/\/derechoshumanosyempresas.cl\/index.php\/fima\/#breadcrumb","itemListElement":[{"@type":"ListItem","position":1,"name":"Portada","item":"https:\/\/derechoshumanosyempresas.cl\/"},{"@type":"ListItem","position":2,"name":"Fima"}]},{"@type":"WebSite","@id":"https:\/\/derechoshumanosyempresas.cl\/#website","url":"https:\/\/derechoshumanosyempresas.cl\/","name":"Plataforma Chilena de la Sociedad Civil de Derechos Humanos y Empresas","description":"","potentialAction":[{"@type":"SearchAction","target":{"@type":"EntryPoint","urlTemplate":"https:\/\/derechoshumanosyempresas.cl\/?s={search_term_string}"},"query-input":{"@type":"PropertyValueSpecification","valueRequired":true,"valueName":"search_term_string"}}],"inLanguage":"es"}]}},"wpmagazine_modules_lite_featured_media_urls":{"thumbnail":"","cvmm-medium":"","cvmm-medium-plus":"","cvmm-portrait":"","cvmm-medium-square":"","cvmm-large":"","cvmm-small":"","full":""},"categories_names":null,"comments_number":"0","_links":{"self":[{"href":"https:\/\/derechoshumanosyempresas.cl\/index.php\/wp-json\/wp\/v2\/pages\/1471","targetHints":{"allow":["GET"]}}],"collection":[{"href":"https:\/\/derechoshumanosyempresas.cl\/index.php\/wp-json\/wp\/v2\/pages"}],"about":[{"href":"https:\/\/derechoshumanosyempresas.cl\/index.php\/wp-json\/wp\/v2\/types\/page"}],"author":[{"embeddable":true,"href":"https:\/\/derechoshumanosyempresas.cl\/index.php\/wp-json\/wp\/v2\/users\/1"}],"replies":[{"embeddable":true,"href":"https:\/\/derechoshumanosyempresas.cl\/index.php\/wp-json\/wp\/v2\/comments?post=1471"}],"version-history":[{"count":0,"href":"https:\/\/derechoshumanosyempresas.cl\/index.php\/wp-json\/wp\/v2\/pages\/1471\/revisions"}],"wp:attachment":[{"href":"https:\/\/derechoshumanosyempresas.cl\/index.php\/wp-json\/wp\/v2\/media?parent=1471"}],"curies":[{"name":"wp","href":"https:\/\/api.w.org\/{rel}","templated":true}]}}