{"id":1423,"date":"2024-03-14T22:00:13","date_gmt":"2024-03-14T22:00:13","guid":{"rendered":"https:\/\/derechoshumanosyempresas.cl\/?page_id=1423"},"modified":"2025-09-14T23:15:04","modified_gmt":"2025-09-15T03:15:04","slug":"amnistia-chile","status":"publish","type":"page","link":"https:\/\/derechoshumanosyempresas.cl\/index.php\/amnistia-chile\/","title":{"rendered":"Amnist\u00eda Chile"},"content":{"rendered":"\t\t<div data-elementor-type=\"wp-page\" data-elementor-id=\"1423\" class=\"elementor elementor-1423\">\n\t\t\t\t<div class=\"elementor-element elementor-element-3ad52d9 e-flex e-con-boxed e-con e-parent\" data-id=\"3ad52d9\" data-element_type=\"container\" data-e-type=\"container\">\n\t\t\t\t\t<div class=\"e-con-inner\">\n\t\t<div class=\"elementor-element elementor-element-559084e e-con-full e-flex e-con e-child\" data-id=\"559084e\" data-element_type=\"container\" data-e-type=\"container\">\n\t\t\t\t<div class=\"elementor-element elementor-element-98712be elementor-widget__width-initial elementor-widget elementor-widget-image\" data-id=\"98712be\" data-element_type=\"widget\" data-e-type=\"widget\" data-widget_type=\"image.default\">\n\t\t\t\t<div class=\"elementor-widget-container\">\n\t\t\t\t\t\t\t\t\t\t\t\t\t\t\t<img fetchpriority=\"high\" decoding=\"async\" width=\"300\" height=\"300\" src=\"https:\/\/derechoshumanosyempresas.cl\/wp-content\/uploads\/2024\/03\/amnistia.jpg\" class=\"attachment-large size-large wp-image-1034\" alt=\"\" srcset=\"https:\/\/derechoshumanosyempresas.cl\/wp-content\/uploads\/2024\/03\/amnistia.jpg 300w, https:\/\/derechoshumanosyempresas.cl\/wp-content\/uploads\/2024\/03\/amnistia-150x150.jpg 150w, https:\/\/derechoshumanosyempresas.cl\/wp-content\/uploads\/2024\/03\/amnistia-230x230.jpg 230w\" sizes=\"(max-width: 300px) 100vw, 300px\" \/>\t\t\t\t\t\t\t\t\t\t\t\t\t\t\t<\/div>\n\t\t\t\t<\/div>\n\t\t\t\t<\/div>\n\t\t<div class=\"elementor-element elementor-element-eaa8a44 e-con-full e-flex e-con e-child\" data-id=\"eaa8a44\" data-element_type=\"container\" data-e-type=\"container\">\n\t\t\t\t<div class=\"elementor-element elementor-element-c65c076 elementor-widget elementor-widget-text-editor\" data-id=\"c65c076\" data-element_type=\"widget\" data-e-type=\"widget\" data-widget_type=\"text-editor.default\">\n\t\t\t\t<div class=\"elementor-widget-container\">\n\t\t\t\t\t\t\t\t\t<p style=\"text-align: justify;\">Amnist\u00eda Internacional es un movimiento global \u200b que trabaja por la promoci\u00f3n y defensa de los derechos humanos, reconocidos en la Declaraci\u00f3n Universal de los Derechos Humanos aprobada en 1948 y en otros tratados internacionales como los Pactos Internacionales de Derechos Humanos.<\/p>\n<p style=\"text-align: justify;\">Su misi\u00f3n consiste en desarrollar labores de investigaci\u00f3n y acci\u00f3n centradas en impedir y erradicar los abusos graves contra esos derechos.<\/p>\n\n<ul>\n \t<li>Sitio Web: <a href=\"https:\/\/amnistia.cl\/\" target=\"_blank\" rel=\"noopener\">www.amnistia.cl<\/a><\/li>\n \t<li>Contacto: info@amnistia.cl<\/li>\n<\/ul>\t\t\t\t\t\t\t\t<\/div>\n\t\t\t\t<\/div>\n\t\t\t\t<\/div>\n\t\t\t\t\t<\/div>\n\t\t\t\t<\/div>\n\t\t<div class=\"elementor-element elementor-element-3e68173 e-flex e-con-boxed e-con e-parent\" data-id=\"3e68173\" data-element_type=\"container\" data-e-type=\"container\">\n\t\t\t\t\t<div class=\"e-con-inner\">\n\t\t<div class=\"elementor-element elementor-element-220962f e-flex e-con-boxed e-con e-child\" data-id=\"220962f\" data-element_type=\"container\" data-e-type=\"container\">\n\t\t\t\t\t<div class=\"e-con-inner\">\n\t\t<div class=\"elementor-element elementor-element-10e7721 e-flex e-con-boxed e-con e-child\" data-id=\"10e7721\" data-element_type=\"container\" data-e-type=\"container\">\n\t\t\t\t\t<div class=\"e-con-inner\">\n\t\t\t\t<div class=\"elementor-element elementor-element-45dfe2e elementor-align-center elementor-widget elementor-widget-button\" data-id=\"45dfe2e\" data-element_type=\"widget\" data-e-type=\"widget\" data-widget_type=\"button.default\">\n\t\t\t\t<div class=\"elementor-widget-container\">\n\t\t\t\t\t\t\t\t\t<div class=\"elementor-button-wrapper\">\n\t\t\t\t\t<a class=\"elementor-button elementor-button-link elementor-size-sm\" href=\"https:\/\/derechoshumanosyempresas.cl\/index.php\/organizaciones\/\">\n\t\t\t\t\t\t<span class=\"elementor-button-content-wrapper\">\n\t\t\t\t\t\t\t\t\t<span class=\"elementor-button-text\">+ ORGANIZACIONES AFILIADAS<\/span>\n\t\t\t\t\t<\/span>\n\t\t\t\t\t<\/a>\n\t\t\t\t<\/div>\n\t\t\t\t\t\t\t\t<\/div>\n\t\t\t\t<\/div>\n\t\t\t\t\t<\/div>\n\t\t\t\t<\/div>\n\t\t\t\t\t<\/div>\n\t\t\t\t<\/div>\n\t\t\t\t\t<\/div>\n\t\t\t\t<\/div>\n\t\t\t\t<\/div>\n\t\t","protected":false},"excerpt":{"rendered":"<p>Amnist\u00eda Internacional es un movimiento global \u200b que trabaja por la promoci\u00f3n y defensa de los derechos humanos, reconocidos en la Declaraci\u00f3n [&hellip;]<\/p>\n","protected":false},"author":1,"featured_media":0,"parent":0,"menu_order":0,"comment_status":"closed","ping_status":"closed","template":"elementor_header_footer","meta":{"footnotes":""},"class_list":["post-1423","page","type-page","status-publish","hentry"],"yoast_head":"<!-- This site is optimized with the Yoast SEO plugin v27.3 - https:\/\/yoast.com\/product\/yoast-seo-wordpress\/ -->\n<title>Amnist\u00eda Chile - Plataforma Chilena de la Sociedad Civil de Derechos Humanos y Empresas<\/title>\n<meta name=\"robots\" content=\"index, follow, max-snippet:-1, max-image-preview:large, max-video-preview:-1\" \/>\n<link rel=\"canonical\" href=\"https:\/\/derechoshumanosyempresas.cl\/index.php\/amnistia-chile\/\" \/>\n<meta property=\"og:locale\" content=\"es_ES\" \/>\n<meta property=\"og:type\" content=\"article\" \/>\n<meta property=\"og:title\" content=\"Amnist\u00eda Chile - Plataforma Chilena de la Sociedad Civil de Derechos Humanos y Empresas\" \/>\n<meta property=\"og:description\" content=\"Amnist\u00eda Internacional es un movimiento global \u200b que trabaja por la promoci\u00f3n y defensa de los derechos humanos, reconocidos en la Declaraci\u00f3n [&hellip;]\" \/>\n<meta property=\"og:url\" content=\"https:\/\/derechoshumanosyempresas.cl\/index.php\/amnistia-chile\/\" \/>\n<meta property=\"og:site_name\" content=\"Plataforma Chilena de la Sociedad Civil de Derechos Humanos y Empresas\" \/>\n<meta property=\"article:modified_time\" content=\"2025-09-15T03:15:04+00:00\" \/>\n<meta property=\"og:image\" content=\"https:\/\/derechoshumanosyempresas.cl\/wp-content\/uploads\/2024\/03\/amnistia.jpg\" \/>\n\t<meta property=\"og:image:width\" content=\"300\" \/>\n\t<meta property=\"og:image:height\" content=\"300\" \/>\n\t<meta property=\"og:image:type\" content=\"image\/jpeg\" \/>\n<meta name=\"twitter:card\" content=\"summary_large_image\" \/>\n<meta name=\"twitter:label1\" content=\"Tiempo de lectura\" \/>\n\t<meta name=\"twitter:data1\" content=\"1 minuto\" \/>\n<script type=\"application\/ld+json\" class=\"yoast-schema-graph\">{\"@context\":\"https:\\\/\\\/schema.org\",\"@graph\":[{\"@type\":\"WebPage\",\"@id\":\"https:\\\/\\\/derechoshumanosyempresas.cl\\\/index.php\\\/amnistia-chile\\\/\",\"url\":\"https:\\\/\\\/derechoshumanosyempresas.cl\\\/index.php\\\/amnistia-chile\\\/\",\"name\":\"Amnist\u00eda Chile - Plataforma Chilena de la Sociedad Civil de Derechos Humanos y Empresas\",\"isPartOf\":{\"@id\":\"https:\\\/\\\/derechoshumanosyempresas.cl\\\/#website\"},\"primaryImageOfPage\":{\"@id\":\"https:\\\/\\\/derechoshumanosyempresas.cl\\\/index.php\\\/amnistia-chile\\\/#primaryimage\"},\"image\":{\"@id\":\"https:\\\/\\\/derechoshumanosyempresas.cl\\\/index.php\\\/amnistia-chile\\\/#primaryimage\"},\"thumbnailUrl\":\"https:\\\/\\\/derechoshumanosyempresas.cl\\\/wp-content\\\/uploads\\\/2024\\\/03\\\/amnistia.jpg\",\"datePublished\":\"2024-03-14T22:00:13+00:00\",\"dateModified\":\"2025-09-15T03:15:04+00:00\",\"breadcrumb\":{\"@id\":\"https:\\\/\\\/derechoshumanosyempresas.cl\\\/index.php\\\/amnistia-chile\\\/#breadcrumb\"},\"inLanguage\":\"es\",\"potentialAction\":[{\"@type\":\"ReadAction\",\"target\":[\"https:\\\/\\\/derechoshumanosyempresas.cl\\\/index.php\\\/amnistia-chile\\\/\"]}]},{\"@type\":\"ImageObject\",\"inLanguage\":\"es\",\"@id\":\"https:\\\/\\\/derechoshumanosyempresas.cl\\\/index.php\\\/amnistia-chile\\\/#primaryimage\",\"url\":\"https:\\\/\\\/derechoshumanosyempresas.cl\\\/wp-content\\\/uploads\\\/2024\\\/03\\\/amnistia.jpg\",\"contentUrl\":\"https:\\\/\\\/derechoshumanosyempresas.cl\\\/wp-content\\\/uploads\\\/2024\\\/03\\\/amnistia.jpg\",\"width\":300,\"height\":300},{\"@type\":\"BreadcrumbList\",\"@id\":\"https:\\\/\\\/derechoshumanosyempresas.cl\\\/index.php\\\/amnistia-chile\\\/#breadcrumb\",\"itemListElement\":[{\"@type\":\"ListItem\",\"position\":1,\"name\":\"Portada\",\"item\":\"https:\\\/\\\/derechoshumanosyempresas.cl\\\/\"},{\"@type\":\"ListItem\",\"position\":2,\"name\":\"Amnist\u00eda Chile\"}]},{\"@type\":\"WebSite\",\"@id\":\"https:\\\/\\\/derechoshumanosyempresas.cl\\\/#website\",\"url\":\"https:\\\/\\\/derechoshumanosyempresas.cl\\\/\",\"name\":\"Plataforma Chilena de la Sociedad Civil de Derechos Humanos y Empresas\",\"description\":\"\",\"potentialAction\":[{\"@type\":\"SearchAction\",\"target\":{\"@type\":\"EntryPoint\",\"urlTemplate\":\"https:\\\/\\\/derechoshumanosyempresas.cl\\\/?s={search_term_string}\"},\"query-input\":{\"@type\":\"PropertyValueSpecification\",\"valueRequired\":true,\"valueName\":\"search_term_string\"}}],\"inLanguage\":\"es\"}]}<\/script>\n<!-- \/ Yoast SEO plugin. -->","yoast_head_json":{"title":"Amnist\u00eda Chile - Plataforma Chilena de la Sociedad Civil de Derechos Humanos y Empresas","robots":{"index":"index","follow":"follow","max-snippet":"max-snippet:-1","max-image-preview":"max-image-preview:large","max-video-preview":"max-video-preview:-1"},"canonical":"https:\/\/derechoshumanosyempresas.cl\/index.php\/amnistia-chile\/","og_locale":"es_ES","og_type":"article","og_title":"Amnist\u00eda Chile - Plataforma Chilena de la Sociedad Civil de Derechos Humanos y Empresas","og_description":"Amnist\u00eda Internacional es un movimiento global \u200b que trabaja por la promoci\u00f3n y defensa de los derechos humanos, reconocidos en la Declaraci\u00f3n [&hellip;]","og_url":"https:\/\/derechoshumanosyempresas.cl\/index.php\/amnistia-chile\/","og_site_name":"Plataforma Chilena de la Sociedad Civil de Derechos Humanos y Empresas","article_modified_time":"2025-09-15T03:15:04+00:00","og_image":[{"width":300,"height":300,"url":"https:\/\/derechoshumanosyempresas.cl\/wp-content\/uploads\/2024\/03\/amnistia.jpg","type":"image\/jpeg"}],"twitter_card":"summary_large_image","twitter_misc":{"Tiempo de lectura":"1 minuto"},"schema":{"@context":"https:\/\/schema.org","@graph":[{"@type":"WebPage","@id":"https:\/\/derechoshumanosyempresas.cl\/index.php\/amnistia-chile\/","url":"https:\/\/derechoshumanosyempresas.cl\/index.php\/amnistia-chile\/","name":"Amnist\u00eda Chile - Plataforma Chilena de la Sociedad Civil de Derechos Humanos y Empresas","isPartOf":{"@id":"https:\/\/derechoshumanosyempresas.cl\/#website"},"primaryImageOfPage":{"@id":"https:\/\/derechoshumanosyempresas.cl\/index.php\/amnistia-chile\/#primaryimage"},"image":{"@id":"https:\/\/derechoshumanosyempresas.cl\/index.php\/amnistia-chile\/#primaryimage"},"thumbnailUrl":"https:\/\/derechoshumanosyempresas.cl\/wp-content\/uploads\/2024\/03\/amnistia.jpg","datePublished":"2024-03-14T22:00:13+00:00","dateModified":"2025-09-15T03:15:04+00:00","breadcrumb":{"@id":"https:\/\/derechoshumanosyempresas.cl\/index.php\/amnistia-chile\/#breadcrumb"},"inLanguage":"es","potentialAction":[{"@type":"ReadAction","target":["https:\/\/derechoshumanosyempresas.cl\/index.php\/amnistia-chile\/"]}]},{"@type":"ImageObject","inLanguage":"es","@id":"https:\/\/derechoshumanosyempresas.cl\/index.php\/amnistia-chile\/#primaryimage","url":"https:\/\/derechoshumanosyempresas.cl\/wp-content\/uploads\/2024\/03\/amnistia.jpg","contentUrl":"https:\/\/derechoshumanosyempresas.cl\/wp-content\/uploads\/2024\/03\/amnistia.jpg","width":300,"height":300},{"@type":"BreadcrumbList","@id":"https:\/\/derechoshumanosyempresas.cl\/index.php\/amnistia-chile\/#breadcrumb","itemListElement":[{"@type":"ListItem","position":1,"name":"Portada","item":"https:\/\/derechoshumanosyempresas.cl\/"},{"@type":"ListItem","position":2,"name":"Amnist\u00eda Chile"}]},{"@type":"WebSite","@id":"https:\/\/derechoshumanosyempresas.cl\/#website","url":"https:\/\/derechoshumanosyempresas.cl\/","name":"Plataforma Chilena de la Sociedad Civil de Derechos Humanos y Empresas","description":"","potentialAction":[{"@type":"SearchAction","target":{"@type":"EntryPoint","urlTemplate":"https:\/\/derechoshumanosyempresas.cl\/?s={search_term_string}"},"query-input":{"@type":"PropertyValueSpecification","valueRequired":true,"valueName":"search_term_string"}}],"inLanguage":"es"}]}},"wpmagazine_modules_lite_featured_media_urls":{"thumbnail":"","cvmm-medium":"","cvmm-medium-plus":"","cvmm-portrait":"","cvmm-medium-square":"","cvmm-large":"","cvmm-small":"","full":""},"categories_names":null,"comments_number":"0","_links":{"self":[{"href":"https:\/\/derechoshumanosyempresas.cl\/index.php\/wp-json\/wp\/v2\/pages\/1423","targetHints":{"allow":["GET"]}}],"collection":[{"href":"https:\/\/derechoshumanosyempresas.cl\/index.php\/wp-json\/wp\/v2\/pages"}],"about":[{"href":"https:\/\/derechoshumanosyempresas.cl\/index.php\/wp-json\/wp\/v2\/types\/page"}],"author":[{"embeddable":true,"href":"https:\/\/derechoshumanosyempresas.cl\/index.php\/wp-json\/wp\/v2\/users\/1"}],"replies":[{"embeddable":true,"href":"https:\/\/derechoshumanosyempresas.cl\/index.php\/wp-json\/wp\/v2\/comments?post=1423"}],"version-history":[{"count":0,"href":"https:\/\/derechoshumanosyempresas.cl\/index.php\/wp-json\/wp\/v2\/pages\/1423\/revisions"}],"wp:attachment":[{"href":"https:\/\/derechoshumanosyempresas.cl\/index.php\/wp-json\/wp\/v2\/media?parent=1423"}],"curies":[{"name":"wp","href":"https:\/\/api.w.org\/{rel}","templated":true}]}}