{"id":1048,"date":"2024-03-01T21:02:38","date_gmt":"2024-03-01T21:02:38","guid":{"rendered":"https:\/\/derechoshumanosyempresas.cl\/?page_id=1048"},"modified":"2025-09-14T23:02:10","modified_gmt":"2025-09-15T03:02:10","slug":"comision-chilena-de-derechos-humanos","status":"publish","type":"page","link":"https:\/\/derechoshumanosyempresas.cl\/index.php\/comision-chilena-de-derechos-humanos\/","title":{"rendered":"COMISI\u00d3N CHILENA DE DERECHOS HUMANOS"},"content":{"rendered":"\t\t<div data-elementor-type=\"wp-page\" data-elementor-id=\"1048\" class=\"elementor elementor-1048\">\n\t\t\t\t<div class=\"elementor-element elementor-element-50ada1f e-flex e-con-boxed e-con e-parent\" data-id=\"50ada1f\" data-element_type=\"container\" data-e-type=\"container\">\n\t\t\t\t\t<div class=\"e-con-inner\">\n\t\t<div class=\"elementor-element elementor-element-9d14107 e-con-full e-flex e-con e-child\" data-id=\"9d14107\" data-element_type=\"container\" data-e-type=\"container\">\n\t\t\t\t<div class=\"elementor-element elementor-element-8892ec8 elementor-widget__width-initial elementor-widget elementor-widget-image\" data-id=\"8892ec8\" data-element_type=\"widget\" data-e-type=\"widget\" data-widget_type=\"image.default\">\n\t\t\t\t<div class=\"elementor-widget-container\">\n\t\t\t\t\t\t\t\t\t\t\t\t\t\t\t<img fetchpriority=\"high\" decoding=\"async\" width=\"461\" height=\"423\" src=\"https:\/\/derechoshumanosyempresas.cl\/wp-content\/uploads\/2024\/03\/Captura-de-pantalla-2024-03-01-a-las-18.04.56.png\" class=\"attachment-large size-large wp-image-1053\" alt=\"\" srcset=\"https:\/\/derechoshumanosyempresas.cl\/wp-content\/uploads\/2024\/03\/Captura-de-pantalla-2024-03-01-a-las-18.04.56.png 461w, https:\/\/derechoshumanosyempresas.cl\/wp-content\/uploads\/2024\/03\/Captura-de-pantalla-2024-03-01-a-las-18.04.56-300x275.png 300w, https:\/\/derechoshumanosyempresas.cl\/wp-content\/uploads\/2024\/03\/Captura-de-pantalla-2024-03-01-a-las-18.04.56-230x211.png 230w, https:\/\/derechoshumanosyempresas.cl\/wp-content\/uploads\/2024\/03\/Captura-de-pantalla-2024-03-01-a-las-18.04.56-350x321.png 350w\" sizes=\"(max-width: 461px) 100vw, 461px\" \/>\t\t\t\t\t\t\t\t\t\t\t\t\t\t\t<\/div>\n\t\t\t\t<\/div>\n\t\t\t\t<\/div>\n\t\t<div class=\"elementor-element elementor-element-a905117 e-con-full e-flex e-con e-child\" data-id=\"a905117\" data-element_type=\"container\" data-e-type=\"container\">\n\t\t\t\t<div class=\"elementor-element elementor-element-a838971 elementor-widget elementor-widget-text-editor\" data-id=\"a838971\" data-element_type=\"widget\" data-e-type=\"widget\" data-widget_type=\"text-editor.default\">\n\t\t\t\t<div class=\"elementor-widget-container\">\n\t\t\t\t\t\t\t\t\tLa <strong>Comisi\u00f3n Chilena de Derechos Humanos<\/strong> fue fundada en 1978, en plena dictadura en Chile.\n\nEl objetivo de la Comisi\u00f3n, planteado en su Acta Constitutiva, fue \u201c\u2026 trabajar en nuestro pa\u00eds, como organismo no gubernamental, en forma pluralista, libre y aut\u00f3noma, por la vigencia efectiva, respeto, protecci\u00f3n y promoci\u00f3n de los derechos econ\u00f3micos, sociales, culturales, civiles y pol\u00edticos consagrados en la carta internacional de derechos humanos, en los tratados, resoluciones y acuerdos complementarios de Naciones Unidas y dem\u00e1s organismos internacionales de los cuales Chile es miembro\u00bb.\n\nLa CCHDH fue recopilando y sistematizando antecedentes orientados a la defensa de los perseguidos por la dictadura, participando en su defensa legal, tanto a nivel nacional como a trav\u00e9s de organismos internacionales.\n<ul>\n \t<li>Sitio Web: <a href=\"https:\/\/cchdh.cl\/\" target=\"_blank\" rel=\"noopener\">cchdh.cl<\/a><\/li>\n \t<li>Contacto: comisionchilenadh@gmail.com<\/li>\n<\/ul>\t\t\t\t\t\t\t\t<\/div>\n\t\t\t\t<\/div>\n\t\t\t\t<\/div>\n\t\t\t\t\t<\/div>\n\t\t\t\t<\/div>\n\t\t<div class=\"elementor-element elementor-element-47eb259 e-flex e-con-boxed e-con e-parent\" data-id=\"47eb259\" data-element_type=\"container\" data-e-type=\"container\">\n\t\t\t\t\t<div class=\"e-con-inner\">\n\t\t<div class=\"elementor-element elementor-element-be6b6f6 e-flex e-con-boxed e-con e-child\" data-id=\"be6b6f6\" data-element_type=\"container\" data-e-type=\"container\">\n\t\t\t\t\t<div class=\"e-con-inner\">\n\t\t<div class=\"elementor-element elementor-element-79788b0 e-flex e-con-boxed e-con e-child\" data-id=\"79788b0\" data-element_type=\"container\" data-e-type=\"container\">\n\t\t\t\t\t<div class=\"e-con-inner\">\n\t\t\t\t<div class=\"elementor-element elementor-element-0c1c299 elementor-align-center elementor-widget elementor-widget-button\" data-id=\"0c1c299\" data-element_type=\"widget\" data-e-type=\"widget\" data-widget_type=\"button.default\">\n\t\t\t\t<div class=\"elementor-widget-container\">\n\t\t\t\t\t\t\t\t\t<div class=\"elementor-button-wrapper\">\n\t\t\t\t\t<a class=\"elementor-button elementor-button-link elementor-size-sm\" href=\"https:\/\/derechoshumanosyempresas.cl\/index.php\/organizaciones\/\">\n\t\t\t\t\t\t<span class=\"elementor-button-content-wrapper\">\n\t\t\t\t\t\t\t\t\t<span class=\"elementor-button-text\">+ ORGANIZACIONES AFILIADAS<\/span>\n\t\t\t\t\t<\/span>\n\t\t\t\t\t<\/a>\n\t\t\t\t<\/div>\n\t\t\t\t\t\t\t\t<\/div>\n\t\t\t\t<\/div>\n\t\t\t\t\t<\/div>\n\t\t\t\t<\/div>\n\t\t\t\t\t<\/div>\n\t\t\t\t<\/div>\n\t\t\t\t\t<\/div>\n\t\t\t\t<\/div>\n\t\t\t\t<\/div>\n\t\t","protected":false},"excerpt":{"rendered":"<p>La Comisi\u00f3n Chilena de Derechos Humanos fue fundada en 1978, en plena dictadura en Chile. El objetivo de la Comisi\u00f3n, planteado en [&hellip;]<\/p>\n","protected":false},"author":1,"featured_media":0,"parent":0,"menu_order":0,"comment_status":"closed","ping_status":"closed","template":"elementor_header_footer","meta":{"footnotes":""},"class_list":["post-1048","page","type-page","status-publish","hentry"],"yoast_head":"<!-- This site is optimized with the Yoast SEO plugin v27.3 - https:\/\/yoast.com\/product\/yoast-seo-wordpress\/ -->\n<title>COMISI\u00d3N CHILENA DE DERECHOS HUMANOS - Plataforma Chilena de la Sociedad Civil de Derechos Humanos y Empresas<\/title>\n<meta name=\"robots\" content=\"index, follow, max-snippet:-1, max-image-preview:large, max-video-preview:-1\" \/>\n<link rel=\"canonical\" href=\"https:\/\/derechoshumanosyempresas.cl\/index.php\/comision-chilena-de-derechos-humanos\/\" \/>\n<meta property=\"og:locale\" content=\"es_ES\" \/>\n<meta property=\"og:type\" content=\"article\" \/>\n<meta property=\"og:title\" content=\"COMISI\u00d3N CHILENA DE DERECHOS HUMANOS - Plataforma Chilena de la Sociedad Civil de Derechos Humanos y Empresas\" \/>\n<meta property=\"og:description\" content=\"La Comisi\u00f3n Chilena de Derechos Humanos fue fundada en 1978, en plena dictadura en Chile. El objetivo de la Comisi\u00f3n, planteado en [&hellip;]\" \/>\n<meta property=\"og:url\" content=\"https:\/\/derechoshumanosyempresas.cl\/index.php\/comision-chilena-de-derechos-humanos\/\" \/>\n<meta property=\"og:site_name\" content=\"Plataforma Chilena de la Sociedad Civil de Derechos Humanos y Empresas\" \/>\n<meta property=\"article:modified_time\" content=\"2025-09-15T03:02:10+00:00\" \/>\n<meta property=\"og:image\" content=\"https:\/\/derechoshumanosyempresas.cl\/wp-content\/uploads\/2024\/03\/Captura-de-pantalla-2024-03-01-a-las-18.04.56.png\" \/>\n\t<meta property=\"og:image:width\" content=\"461\" \/>\n\t<meta property=\"og:image:height\" content=\"423\" \/>\n\t<meta property=\"og:image:type\" content=\"image\/png\" \/>\n<meta name=\"twitter:card\" content=\"summary_large_image\" \/>\n<meta name=\"twitter:label1\" content=\"Tiempo de lectura\" \/>\n\t<meta name=\"twitter:data1\" content=\"1 minuto\" \/>\n<script type=\"application\/ld+json\" class=\"yoast-schema-graph\">{\"@context\":\"https:\\\/\\\/schema.org\",\"@graph\":[{\"@type\":\"WebPage\",\"@id\":\"https:\\\/\\\/derechoshumanosyempresas.cl\\\/index.php\\\/comision-chilena-de-derechos-humanos\\\/\",\"url\":\"https:\\\/\\\/derechoshumanosyempresas.cl\\\/index.php\\\/comision-chilena-de-derechos-humanos\\\/\",\"name\":\"COMISI\u00d3N CHILENA DE DERECHOS HUMANOS - Plataforma Chilena de la Sociedad Civil de Derechos Humanos y Empresas\",\"isPartOf\":{\"@id\":\"https:\\\/\\\/derechoshumanosyempresas.cl\\\/#website\"},\"primaryImageOfPage\":{\"@id\":\"https:\\\/\\\/derechoshumanosyempresas.cl\\\/index.php\\\/comision-chilena-de-derechos-humanos\\\/#primaryimage\"},\"image\":{\"@id\":\"https:\\\/\\\/derechoshumanosyempresas.cl\\\/index.php\\\/comision-chilena-de-derechos-humanos\\\/#primaryimage\"},\"thumbnailUrl\":\"https:\\\/\\\/derechoshumanosyempresas.cl\\\/wp-content\\\/uploads\\\/2024\\\/03\\\/Captura-de-pantalla-2024-03-01-a-las-18.04.56.png\",\"datePublished\":\"2024-03-01T21:02:38+00:00\",\"dateModified\":\"2025-09-15T03:02:10+00:00\",\"breadcrumb\":{\"@id\":\"https:\\\/\\\/derechoshumanosyempresas.cl\\\/index.php\\\/comision-chilena-de-derechos-humanos\\\/#breadcrumb\"},\"inLanguage\":\"es\",\"potentialAction\":[{\"@type\":\"ReadAction\",\"target\":[\"https:\\\/\\\/derechoshumanosyempresas.cl\\\/index.php\\\/comision-chilena-de-derechos-humanos\\\/\"]}]},{\"@type\":\"ImageObject\",\"inLanguage\":\"es\",\"@id\":\"https:\\\/\\\/derechoshumanosyempresas.cl\\\/index.php\\\/comision-chilena-de-derechos-humanos\\\/#primaryimage\",\"url\":\"https:\\\/\\\/derechoshumanosyempresas.cl\\\/wp-content\\\/uploads\\\/2024\\\/03\\\/Captura-de-pantalla-2024-03-01-a-las-18.04.56.png\",\"contentUrl\":\"https:\\\/\\\/derechoshumanosyempresas.cl\\\/wp-content\\\/uploads\\\/2024\\\/03\\\/Captura-de-pantalla-2024-03-01-a-las-18.04.56.png\",\"width\":461,\"height\":423},{\"@type\":\"BreadcrumbList\",\"@id\":\"https:\\\/\\\/derechoshumanosyempresas.cl\\\/index.php\\\/comision-chilena-de-derechos-humanos\\\/#breadcrumb\",\"itemListElement\":[{\"@type\":\"ListItem\",\"position\":1,\"name\":\"Portada\",\"item\":\"https:\\\/\\\/derechoshumanosyempresas.cl\\\/\"},{\"@type\":\"ListItem\",\"position\":2,\"name\":\"COMISI\u00d3N CHILENA DE DERECHOS HUMANOS\"}]},{\"@type\":\"WebSite\",\"@id\":\"https:\\\/\\\/derechoshumanosyempresas.cl\\\/#website\",\"url\":\"https:\\\/\\\/derechoshumanosyempresas.cl\\\/\",\"name\":\"Plataforma Chilena de la Sociedad Civil de Derechos Humanos y Empresas\",\"description\":\"\",\"potentialAction\":[{\"@type\":\"SearchAction\",\"target\":{\"@type\":\"EntryPoint\",\"urlTemplate\":\"https:\\\/\\\/derechoshumanosyempresas.cl\\\/?s={search_term_string}\"},\"query-input\":{\"@type\":\"PropertyValueSpecification\",\"valueRequired\":true,\"valueName\":\"search_term_string\"}}],\"inLanguage\":\"es\"}]}<\/script>\n<!-- \/ Yoast SEO plugin. -->","yoast_head_json":{"title":"COMISI\u00d3N CHILENA DE DERECHOS HUMANOS - Plataforma Chilena de la Sociedad Civil de Derechos Humanos y Empresas","robots":{"index":"index","follow":"follow","max-snippet":"max-snippet:-1","max-image-preview":"max-image-preview:large","max-video-preview":"max-video-preview:-1"},"canonical":"https:\/\/derechoshumanosyempresas.cl\/index.php\/comision-chilena-de-derechos-humanos\/","og_locale":"es_ES","og_type":"article","og_title":"COMISI\u00d3N CHILENA DE DERECHOS HUMANOS - Plataforma Chilena de la Sociedad Civil de Derechos Humanos y Empresas","og_description":"La Comisi\u00f3n Chilena de Derechos Humanos fue fundada en 1978, en plena dictadura en Chile. El objetivo de la Comisi\u00f3n, planteado en [&hellip;]","og_url":"https:\/\/derechoshumanosyempresas.cl\/index.php\/comision-chilena-de-derechos-humanos\/","og_site_name":"Plataforma Chilena de la Sociedad Civil de Derechos Humanos y Empresas","article_modified_time":"2025-09-15T03:02:10+00:00","og_image":[{"width":461,"height":423,"url":"https:\/\/derechoshumanosyempresas.cl\/wp-content\/uploads\/2024\/03\/Captura-de-pantalla-2024-03-01-a-las-18.04.56.png","type":"image\/png"}],"twitter_card":"summary_large_image","twitter_misc":{"Tiempo de lectura":"1 minuto"},"schema":{"@context":"https:\/\/schema.org","@graph":[{"@type":"WebPage","@id":"https:\/\/derechoshumanosyempresas.cl\/index.php\/comision-chilena-de-derechos-humanos\/","url":"https:\/\/derechoshumanosyempresas.cl\/index.php\/comision-chilena-de-derechos-humanos\/","name":"COMISI\u00d3N CHILENA DE DERECHOS HUMANOS - Plataforma Chilena de la Sociedad Civil de Derechos Humanos y Empresas","isPartOf":{"@id":"https:\/\/derechoshumanosyempresas.cl\/#website"},"primaryImageOfPage":{"@id":"https:\/\/derechoshumanosyempresas.cl\/index.php\/comision-chilena-de-derechos-humanos\/#primaryimage"},"image":{"@id":"https:\/\/derechoshumanosyempresas.cl\/index.php\/comision-chilena-de-derechos-humanos\/#primaryimage"},"thumbnailUrl":"https:\/\/derechoshumanosyempresas.cl\/wp-content\/uploads\/2024\/03\/Captura-de-pantalla-2024-03-01-a-las-18.04.56.png","datePublished":"2024-03-01T21:02:38+00:00","dateModified":"2025-09-15T03:02:10+00:00","breadcrumb":{"@id":"https:\/\/derechoshumanosyempresas.cl\/index.php\/comision-chilena-de-derechos-humanos\/#breadcrumb"},"inLanguage":"es","potentialAction":[{"@type":"ReadAction","target":["https:\/\/derechoshumanosyempresas.cl\/index.php\/comision-chilena-de-derechos-humanos\/"]}]},{"@type":"ImageObject","inLanguage":"es","@id":"https:\/\/derechoshumanosyempresas.cl\/index.php\/comision-chilena-de-derechos-humanos\/#primaryimage","url":"https:\/\/derechoshumanosyempresas.cl\/wp-content\/uploads\/2024\/03\/Captura-de-pantalla-2024-03-01-a-las-18.04.56.png","contentUrl":"https:\/\/derechoshumanosyempresas.cl\/wp-content\/uploads\/2024\/03\/Captura-de-pantalla-2024-03-01-a-las-18.04.56.png","width":461,"height":423},{"@type":"BreadcrumbList","@id":"https:\/\/derechoshumanosyempresas.cl\/index.php\/comision-chilena-de-derechos-humanos\/#breadcrumb","itemListElement":[{"@type":"ListItem","position":1,"name":"Portada","item":"https:\/\/derechoshumanosyempresas.cl\/"},{"@type":"ListItem","position":2,"name":"COMISI\u00d3N CHILENA DE DERECHOS HUMANOS"}]},{"@type":"WebSite","@id":"https:\/\/derechoshumanosyempresas.cl\/#website","url":"https:\/\/derechoshumanosyempresas.cl\/","name":"Plataforma Chilena de la Sociedad Civil de Derechos Humanos y Empresas","description":"","potentialAction":[{"@type":"SearchAction","target":{"@type":"EntryPoint","urlTemplate":"https:\/\/derechoshumanosyempresas.cl\/?s={search_term_string}"},"query-input":{"@type":"PropertyValueSpecification","valueRequired":true,"valueName":"search_term_string"}}],"inLanguage":"es"}]}},"wpmagazine_modules_lite_featured_media_urls":{"thumbnail":"","cvmm-medium":"","cvmm-medium-plus":"","cvmm-portrait":"","cvmm-medium-square":"","cvmm-large":"","cvmm-small":"","full":""},"categories_names":null,"comments_number":"0","_links":{"self":[{"href":"https:\/\/derechoshumanosyempresas.cl\/index.php\/wp-json\/wp\/v2\/pages\/1048","targetHints":{"allow":["GET"]}}],"collection":[{"href":"https:\/\/derechoshumanosyempresas.cl\/index.php\/wp-json\/wp\/v2\/pages"}],"about":[{"href":"https:\/\/derechoshumanosyempresas.cl\/index.php\/wp-json\/wp\/v2\/types\/page"}],"author":[{"embeddable":true,"href":"https:\/\/derechoshumanosyempresas.cl\/index.php\/wp-json\/wp\/v2\/users\/1"}],"replies":[{"embeddable":true,"href":"https:\/\/derechoshumanosyempresas.cl\/index.php\/wp-json\/wp\/v2\/comments?post=1048"}],"version-history":[{"count":0,"href":"https:\/\/derechoshumanosyempresas.cl\/index.php\/wp-json\/wp\/v2\/pages\/1048\/revisions"}],"wp:attachment":[{"href":"https:\/\/derechoshumanosyempresas.cl\/index.php\/wp-json\/wp\/v2\/media?parent=1048"}],"curies":[{"name":"wp","href":"https:\/\/api.w.org\/{rel}","templated":true}]}}